{"id":842,"date":"2020-04-20T22:19:34","date_gmt":"2020-04-20T22:19:34","guid":{"rendered":"https:\/\/www.jorgeramirezfotografo.com\/?page_id=842"},"modified":"2021-01-09T06:47:19","modified_gmt":"2021-01-09T06:47:19","slug":"requisitos-para-matrimonio","status":"publish","type":"page","link":"https:\/\/www.jorgeramirezfotografo.com\/index.php\/requisitos-para-matrimonio\/","title":{"rendered":"Elementor #842"},"content":{"rendered":"<p><strong>REQUISITOS PARA MATRIMONIO CIVIL<\/strong><\/p>\n<p>1.- SOLICITUD DE MATRIMONIO, anotar los nombres de los contrayentes, tal y como est\u00e1 inscrito en sus actas<\/p>\n<p>de nacimiento.<\/p>\n<p>2.- ACTA DE NACIMIENTO DE EXPEDICION RECIENTE (UN A\u00d1O), de cada uno de los contrayentes (original y<br \/>tres copias xerogr\u00e1ficas, esto debido a las anotaciones que pueden contener las actas)<\/p>\n<p>3.- DOS TESTIGOS MAYORES DE EDAD por cada contrayente, con identificaci\u00f3n con fotograf\u00eda. (Original y copia).<\/p>\n<p>4.- CONSTANCIA DE PL\u00c1TICAS PREMATRIMONIALES. Para horario, lugar y costo preguntar en la oficial\u00eda del<br \/>Registro Civil m\u00e1s cercana. Deber\u00e1n acudir ambos contrayentes con identificaci\u00f3n con fotograf\u00eda y recibo de pago.<\/p>\n<p>5.- CERTIFICADO M\u00c9DICO DE AMBOS CONTRAYENTES en los cuales se indique si existe alg\u00fan padecimiento<br \/>o no de los futuros c\u00f3nyuges, a efecto de que \u00e9stos tengan pleno conocimiento de posible enfermedad.<\/p>\n<p>6.- Los contrayentes que ya viven juntos o que tienen hijos, tambi\u00e9n deben presentar los requisitos 4 y 5, los cuales<br \/>son: Constancia de pl\u00e1ticas prematrimoniales y Certificados m\u00e9dicos de ambos contrayentes<\/p>\n<p>7.- IDENTIFICACI\u00d3N CON FOTOGRAF\u00cdA, de ambos contrayentes (original y copia).<\/p>\n<p>8.- Si los contrayentes son DIVORCIADOS O VIUDOS, deber\u00e1n presentar el acta correspondiente, en original y<br \/>copia.<\/p>\n<p>9.- Si ALGUNO de los contrayentes es de NACIONALIDAD EXTRANJERA, deber\u00e1 presentar: Acta de nacimiento<br \/>apostillada o legalizada por el pa\u00eds de origen, traducida al espa\u00f1ol por una instituci\u00f3n acreditada.<\/p>\n<p>10.- Acudir con sus requisitos, A SOLICITAR CITA, la que se otorgar\u00e1 seg\u00fan la disponibilidad de la agenda, (se<br \/>aplican restricciones en el matrimonio a domicilio, solicite informes).<\/p>\n<p>\t\t\t<iframe frameborder=\"0\" scrolling=\"no\" marginheight=\"0\" marginwidth=\"0\" src=\"https:\/\/maps.google.com\/maps?q=Registro%20civil%20chihuahua&amp;t=m&amp;z=11&amp;output=embed&amp;iwloc=near\" aria-label=\"Registro civil chihuahua\"><\/iframe><\/p>\n","protected":false},"excerpt":{"rendered":"<p>REQUISITOS PARA MATRIMONIO CIVIL 1.- SOLICITUD DE MATRIMONIO, anotar los nombres de los contrayentes, tal y como est\u00e1 inscrito en sus actas de nacimiento. 2.- ACTA DE NACIMIENTO DE EXPEDICION RECIENTE (UN A\u00d1O), de cada uno de los contrayentes (original ytres copias xerogr\u00e1ficas, esto debido a las anotaciones que pueden contener las actas) 3.- DOS [&hellip;]<\/p>\n","protected":false},"author":2,"featured_media":848,"parent":0,"menu_order":0,"comment_status":"closed","ping_status":"closed","template":"","meta":{"footnotes":""},"class_list":["post-842","page","type-page","status-publish","has-post-thumbnail","hentry"],"_links":{"self":[{"href":"https:\/\/www.jorgeramirezfotografo.com\/index.php\/wp-json\/wp\/v2\/pages\/842","targetHints":{"allow":["GET"]}}],"collection":[{"href":"https:\/\/www.jorgeramirezfotografo.com\/index.php\/wp-json\/wp\/v2\/pages"}],"about":[{"href":"https:\/\/www.jorgeramirezfotografo.com\/index.php\/wp-json\/wp\/v2\/types\/page"}],"author":[{"embeddable":true,"href":"https:\/\/www.jorgeramirezfotografo.com\/index.php\/wp-json\/wp\/v2\/users\/2"}],"replies":[{"embeddable":true,"href":"https:\/\/www.jorgeramirezfotografo.com\/index.php\/wp-json\/wp\/v2\/comments?post=842"}],"version-history":[{"count":8,"href":"https:\/\/www.jorgeramirezfotografo.com\/index.php\/wp-json\/wp\/v2\/pages\/842\/revisions"}],"predecessor-version":[{"id":1233,"href":"https:\/\/www.jorgeramirezfotografo.com\/index.php\/wp-json\/wp\/v2\/pages\/842\/revisions\/1233"}],"wp:featuredmedia":[{"embeddable":true,"href":"https:\/\/www.jorgeramirezfotografo.com\/index.php\/wp-json\/wp\/v2\/media\/848"}],"wp:attachment":[{"href":"https:\/\/www.jorgeramirezfotografo.com\/index.php\/wp-json\/wp\/v2\/media?parent=842"}],"curies":[{"name":"wp","href":"https:\/\/api.w.org\/{rel}","templated":true}]}}