{"id":810,"date":"2020-02-07T20:55:03","date_gmt":"2020-02-07T20:55:03","guid":{"rendered":"https:\/\/www.jorgeramirezfotografo.com\/?page_id=810"},"modified":"2021-01-09T06:25:54","modified_gmt":"2021-01-09T06:25:54","slug":"locaciones-para-tu-sesion-de-fotos-en-chihuahua","status":"publish","type":"page","link":"https:\/\/www.jorgeramirezfotografo.com\/index.php\/locaciones-para-tu-sesion-de-fotos-en-chihuahua\/","title":{"rendered":"LOCACIONES PARA TU SESI\u00d3N DE FOTOS EN CHIHUAHUA"},"content":{"rendered":"<p>Hay muchas ideas para escoger la locaci\u00f3n ideal\u2026 El lugar lo elegir\u00e1n ustedes con nuestra ayuda, juntos podremos encontrar la mejor de las opcion.<\/p>\n<p>Ya sea\u00a0tener como escenario la ciudad si no les da verg\u00fcenza que la gente los vea, puede ser una opci\u00f3n para pasar un rato muy divertido y crear cuantas tomas sean necesarias, para tener como resultado una sesi\u00f3n \u00fanica.<\/p>\n<p>Para los deportistas, un campo de f\u00fatbol, b\u00e9isbol o hasta de f\u00fatbol americano ser\u00e1 una excelente opci\u00f3n, ya que pueden simular un partido y divertirse a lo grande. Otra idea es tener como testigo un parque o un jard\u00edn, donde no sentir\u00e1n miradas extra\u00f1as, m\u00e1s que nuestra lente, prometemos hacer de todo para hacer de ese momento, <strong>su sesi\u00f3n<\/strong>, un momento especial\u2026 y que realmente puedan disfrutarlo.<\/p>\n<p>Si el estilo que quieren para su sesi\u00f3n es con un tema mas serio pueden buscar locaciones como restaurantes, quintas o residencias.<\/p>\n<p>Te dejamos un listado de los lugares que pueden ser una opci\u00f3n para tu sesi\u00f3n de fotos en Chihuahua ademas de un v\u00eddeo para que los conozcas.<\/p>\n<p>https:\/\/www.youtube.com\/watch?v=5Cr0LW_90tI<br \/>\n\t\t\t\t\t\t\t\t\t\t<img loading=\"lazy\" decoding=\"async\" width=\"640\" height=\"488\" src=\"https:\/\/www.jorgeramirezfotografo.com\/wp-content\/uploads\/2020\/01\/LOCACIONES-CHIHUAHUA.jpg\" alt=\"\" srcset=\"https:\/\/www.jorgeramirezfotografo.com\/wp-content\/uploads\/2020\/01\/LOCACIONES-CHIHUAHUA.jpg 647w, https:\/\/www.jorgeramirezfotografo.com\/wp-content\/uploads\/2020\/01\/LOCACIONES-CHIHUAHUA-300x229.jpg 300w, https:\/\/www.jorgeramirezfotografo.com\/wp-content\/uploads\/2020\/01\/LOCACIONES-CHIHUAHUA-600x457.jpg 600w\" sizes=\"auto, (max-width: 640px) 100vw, 640px\" \/>\t\t\t\t\t\t\t\t\t\t\t<\/p>\n<p>En algunas locaciones se suele hacer reservacion de horario o bien pago de cuotas.<\/p>\n<p>Te aconsejamos conocer los lugares antes de decidir donde hacer tu sesion.<\/p>\n<p>Ademas te dejamos algunos puntos para poder hacer tu sesion de la mejor manera, Solo da click en este link:<\/p>\n<blockquote class=\"wp-embedded-content\" data-secret=\"HaXPEMU8CX\"><p><a href=\"https:\/\/www.jorgeramirezfotografo.com\/index.php\/sesion-casual-6-sencillos-pasos-para-planearla\/\">SESI\u00d3N CASUAL: 7 SENCILLOS PASOS PARA PLANEARLA.<\/a><\/p><\/blockquote>\n<p><iframe loading=\"lazy\" class=\"wp-embedded-content\" sandbox=\"allow-scripts\" security=\"restricted\" style=\"position: absolute; visibility: hidden;\" title=\"\u00abSESI\u00d3N CASUAL: 7 SENCILLOS PASOS PARA PLANEARLA.\u00bb \u2014 Jorge Ramirez Fot\u00f3grafo\" src=\"https:\/\/www.jorgeramirezfotografo.com\/index.php\/sesion-casual-6-sencillos-pasos-para-planearla\/embed\/#?secret=6btqQNlMQD#?secret=HaXPEMU8CX\" data-secret=\"HaXPEMU8CX\" width=\"600\" height=\"338\" frameborder=\"0\" marginwidth=\"0\" marginheight=\"0\" scrolling=\"no\"><\/iframe><\/p>\n","protected":false},"excerpt":{"rendered":"<p>Hay muchas ideas para escoger la locaci\u00f3n ideal\u2026 El lugar lo elegir\u00e1n ustedes con nuestra ayuda, juntos podremos encontrar la mejor de las opcion. Ya sea\u00a0tener como escenario la ciudad si no les da verg\u00fcenza que la gente los vea, puede ser una opci\u00f3n para pasar un rato muy divertido y crear cuantas tomas sean [&hellip;]<\/p>\n","protected":false},"author":2,"featured_media":439,"parent":0,"menu_order":0,"comment_status":"closed","ping_status":"closed","template":"","meta":{"footnotes":""},"class_list":["post-810","page","type-page","status-publish","has-post-thumbnail","hentry"],"_links":{"self":[{"href":"https:\/\/www.jorgeramirezfotografo.com\/index.php\/wp-json\/wp\/v2\/pages\/810","targetHints":{"allow":["GET"]}}],"collection":[{"href":"https:\/\/www.jorgeramirezfotografo.com\/index.php\/wp-json\/wp\/v2\/pages"}],"about":[{"href":"https:\/\/www.jorgeramirezfotografo.com\/index.php\/wp-json\/wp\/v2\/types\/page"}],"author":[{"embeddable":true,"href":"https:\/\/www.jorgeramirezfotografo.com\/index.php\/wp-json\/wp\/v2\/users\/2"}],"replies":[{"embeddable":true,"href":"https:\/\/www.jorgeramirezfotografo.com\/index.php\/wp-json\/wp\/v2\/comments?post=810"}],"version-history":[{"count":8,"href":"https:\/\/www.jorgeramirezfotografo.com\/index.php\/wp-json\/wp\/v2\/pages\/810\/revisions"}],"predecessor-version":[{"id":1227,"href":"https:\/\/www.jorgeramirezfotografo.com\/index.php\/wp-json\/wp\/v2\/pages\/810\/revisions\/1227"}],"wp:featuredmedia":[{"embeddable":true,"href":"https:\/\/www.jorgeramirezfotografo.com\/index.php\/wp-json\/wp\/v2\/media\/439"}],"wp:attachment":[{"href":"https:\/\/www.jorgeramirezfotografo.com\/index.php\/wp-json\/wp\/v2\/media?parent=810"}],"curies":[{"name":"wp","href":"https:\/\/api.w.org\/{rel}","templated":true}]}}