{"id":761,"date":"2020-01-30T22:15:12","date_gmt":"2020-01-30T22:15:12","guid":{"rendered":"https:\/\/www.jorgeramirezfotografo.com\/?page_id=761"},"modified":"2021-01-09T04:51:30","modified_gmt":"2021-01-09T04:51:30","slug":"como-elegir-locacion-de-fotos-de-tu-evento","status":"publish","type":"page","link":"https:\/\/www.jorgeramirezfotografo.com\/index.php\/como-elegir-locacion-de-fotos-de-tu-evento\/","title":{"rendered":"C\u00f3mo elegir locaci\u00f3n de fotos de tu evento."},"content":{"rendered":"<h1><strong>C\u00f3mo elegir locaci\u00f3n de fotos de tu evento<\/strong>.<\/h1>\n<p>Las\u00a0fotograf\u00edas\u00a0de tu evento tienen una importancia muy especial, ya que ser\u00e1 el principal recuerdo del gran d\u00eda, por eso lo mejor es prestar atenci\u00f3n a todos los detalles relacionados con sus fotos, desde la elecci\u00f3n de un fot\u00f3grafo profesional o el de las locaciones y si a\u00fan no saben en d\u00f3nde tomar\u00e1n sus fotos aqu\u00ed les dejamos algunas ideas que les ayudar\u00e1 a inspirarse.<\/p>\n<figure><img decoding=\"async\" src=\"https:\/\/www.jorgeramirezfotografo.com\/wp-content\/uploads\/2019\/12\/DSC_0283-300x200.jpg\" alt=\"CASUAL EN SHERATON CHIHUAHUA\" \/><\/figure>\n<figure><img decoding=\"async\" src=\"https:\/\/www.jorgeramirezfotografo.com\/wp-content\/uploads\/2019\/12\/DSC_0604a-300x200.jpg\" alt=\"CASUAL EN CAF\u00c9\" \/><\/figure>\n<figure><img decoding=\"async\" src=\"https:\/\/www.jorgeramirezfotografo.com\/wp-content\/uploads\/2019\/12\/BMC_3443a-copia-300x200.jpg\" alt=\"CASUAL EN ANGAR\" \/><\/figure>\n<figure><img decoding=\"async\" src=\"https:\/\/www.jorgeramirezfotografo.com\/wp-content\/uploads\/2019\/12\/BMC_6232-300x200.jpg\" alt=\"CASUAL EN QUINTA BUGAMBILIAS\" \/><\/figure>\n<figure><img decoding=\"async\" src=\"https:\/\/www.jorgeramirezfotografo.com\/wp-content\/uploads\/2019\/12\/DSC_0105-300x200.jpg\" alt=\"CASUAL EN JARDIN HDA. SANTA FE\" \/><\/figure>\n<figure><img decoding=\"async\" src=\"https:\/\/www.jorgeramirezfotografo.com\/wp-content\/uploads\/2019\/12\/BMC_5480-300x200.jpg\" alt=\"FORMAL EN QUINTA GAMEROS\" \/><\/figure>\n<figure><img decoding=\"async\" src=\"https:\/\/www.jorgeramirezfotografo.com\/wp-content\/uploads\/2019\/12\/BMC_5775-300x200.jpg\" alt=\"CASUAL EN PRESA EL REJON\" \/><\/figure>\n<figure><img decoding=\"async\" src=\"https:\/\/www.jorgeramirezfotografo.com\/wp-content\/uploads\/2019\/12\/BMC_8459-lista-300x200.jpg\" alt=\"CASUAL EN CARRETERA\" \/><\/figure>\n<figure><img decoding=\"async\" src=\"https:\/\/www.jorgeramirezfotografo.com\/wp-content\/uploads\/2019\/12\/BMC_5456-namurachiweb-1-300x200.jpg\" alt=\"CASUAL EN CA\u00d1\u00d3N DE NAMURACHI\" \/><\/figure>\n<p>\t\t\t\t\t\tAnterior<br \/>\n\t\t\t\t\t\tSiguiente<\/p>\n<ul>\n<li><strong>FOTOGRAFO PROFESIONAL.<\/strong><\/li>\n<\/ul>\n<p>Uno de los aspectos que m\u00e1s influir\u00e1 en el resultado de tus fotograf\u00edas es la elecci\u00f3n del fot\u00f3grafo. Es importante tener una comunicaci\u00f3n fluida y abierta para poder rebotar\u00a0ideas\u00a0sobre locaciones, posturas y sacarte todas las dudas que te puedan surgir. Tu fot\u00f3grafo tendr\u00e1 algunas propuestas para las locaciones, sin embargo, siempre es buena idea dedicar un tiempo para definir sus propias propuestas, visita lugares que te podr\u00edan gustar como marco de tus fotograf\u00edas, pregunta si hay costos o se requieren permisos, pueden ser la clave para tomar la mejor decisi\u00f3n.<\/p>\n<p>https:\/\/youtu.be\/qs4uuGpuUnA<\/p>\n<ul>\n<li><strong>ESTILO URBANO.\u00a0<\/strong>Si les gusta m\u00e1s la ciudad, siempre pueden incluirla como escenario de sus fotograf\u00edas. Dentro de la ciudad\u00a0se puede utilizar alguna ic\u00f3nica calle de su ciudad, alguna f\u00e1brica abandonada, frente a un colorido grafiti o en alguna plaza comercial. De cualquier forma, que lo prefieran, seguramente podr\u00e1n encontrar la locaci\u00f3n perfecta dentro de su propia ciudad.\u00a0<\/li>\n<\/ul>\n<p>https:\/\/youtu.be\/Vnta32oLRXM<\/p>\n<ul>\n<li><strong>AL AIRE LIBRE.<\/strong>Tambi\u00e9n se puede utilizar alguna locaci\u00f3n con espacios verdes, ya sea alg\u00fan jard\u00edn, parque o incluso alguna carretera lo importante es que logren reflejar el amor que sienten<\/li>\n<\/ul>\n<p>Son muchos los lugares que pueden servir como locaci\u00f3n, por eso deber\u00e1n analizar qu\u00e9 espacios son sus favoritos. Puede que prefieran algo m\u00e1s simb\u00f3lico para ustedes, como el lugar en donde se conocieron o donde pasaron su primera cita, as\u00ed que dediquen un tiempo para pensar y decidir cu\u00e1les ser\u00e1n las locaciones que quedar\u00e1n plasmadas en su <a href=\"https:\/\/www.jorgeramirezfotografo.com\/index.php\/la-clave-para-tener-el-mejor-photobook-de-tu-evento\/\">Photobook<\/a>.<\/p>\n","protected":false},"excerpt":{"rendered":"<p>C\u00f3mo elegir locaci\u00f3n de fotos de tu evento. Las\u00a0fotograf\u00edas\u00a0de tu evento tienen una importancia muy especial, ya que ser\u00e1 el principal recuerdo del gran d\u00eda, por eso lo mejor es prestar atenci\u00f3n a todos los detalles relacionados con sus fotos, desde la elecci\u00f3n de un fot\u00f3grafo profesional o el de las locaciones y si a\u00fan [&hellip;]<\/p>\n","protected":false},"author":2,"featured_media":552,"parent":0,"menu_order":0,"comment_status":"closed","ping_status":"closed","template":"","meta":{"footnotes":""},"class_list":["post-761","page","type-page","status-publish","has-post-thumbnail","hentry"],"_links":{"self":[{"href":"https:\/\/www.jorgeramirezfotografo.com\/index.php\/wp-json\/wp\/v2\/pages\/761","targetHints":{"allow":["GET"]}}],"collection":[{"href":"https:\/\/www.jorgeramirezfotografo.com\/index.php\/wp-json\/wp\/v2\/pages"}],"about":[{"href":"https:\/\/www.jorgeramirezfotografo.com\/index.php\/wp-json\/wp\/v2\/types\/page"}],"author":[{"embeddable":true,"href":"https:\/\/www.jorgeramirezfotografo.com\/index.php\/wp-json\/wp\/v2\/users\/2"}],"replies":[{"embeddable":true,"href":"https:\/\/www.jorgeramirezfotografo.com\/index.php\/wp-json\/wp\/v2\/comments?post=761"}],"version-history":[{"count":13,"href":"https:\/\/www.jorgeramirezfotografo.com\/index.php\/wp-json\/wp\/v2\/pages\/761\/revisions"}],"predecessor-version":[{"id":1205,"href":"https:\/\/www.jorgeramirezfotografo.com\/index.php\/wp-json\/wp\/v2\/pages\/761\/revisions\/1205"}],"wp:featuredmedia":[{"embeddable":true,"href":"https:\/\/www.jorgeramirezfotografo.com\/index.php\/wp-json\/wp\/v2\/media\/552"}],"wp:attachment":[{"href":"https:\/\/www.jorgeramirezfotografo.com\/index.php\/wp-json\/wp\/v2\/media?parent=761"}],"curies":[{"name":"wp","href":"https:\/\/api.w.org\/{rel}","templated":true}]}}