{"id":711,"date":"2020-01-28T21:28:15","date_gmt":"2020-01-28T21:28:15","guid":{"rendered":"https:\/\/www.jorgeramirezfotografo.com\/?page_id=711"},"modified":"2021-01-09T06:43:23","modified_gmt":"2021-01-09T06:43:23","slug":"ya-sabes-donde-sera-tu-ceremonia","status":"publish","type":"page","link":"https:\/\/www.jorgeramirezfotografo.com\/index.php\/ya-sabes-donde-sera-tu-ceremonia\/","title":{"rendered":"\u00bfYa sabes donde ser\u00e1 tu ceremonia?"},"content":{"rendered":"<p><strong>SESI\u00d3N CASUAL: 7 SENCILLOS PASOS PARA PLANEARLA.<\/strong><\/p>\n<p>Si no quieren tener problemas de disponibilidad es necesario que comiencen a buscar la iglesia entre ocho a diez meses antes de la celebraci\u00f3n. Eso s\u00ed, elegir la correcta depender\u00e1 de varios factores que deber\u00e1n tomar a cuenta.<\/p>\n<p>Te compartimos el directorio de Iglesias en Chihuahua, para que puedas empezar con tu b\u00fasqueda.<\/p>\n<p><strong>CATEDRAL<\/strong><\/p>\n<p>Decanato: Catedral<br \/>Direcci\u00f3n: Libertad # 814Tel\u00e9fono: 6144103877<\/p>\n<p>https:\/\/youtu.be\/tDQDeKsxeAs<\/p>\n<p><strong>SAGRADA FAMILIA<\/strong><\/p>\n<p>Decanato: Catedral<br \/>Direcci\u00f3n: Venustiano Carranza #1810 Centro<br \/>Tel\u00e9fono: 6144109148<\/p>\n<p>https:\/\/youtu.be\/6lJRF5RhpwU<\/p>\n<p><strong>SAGRADO CORAZ\u00d3N DE JES\u00daS<\/strong><\/p>\n<p>Decanato: Catedral<br \/>Direcci\u00f3n: Calle 14\u00aa \u00bd # 2806 Col. Pac\u00edfico<br \/>Tel\u00e9fono: 6144150870<\/p>\n<p>https:\/\/youtu.be\/cAQtY2rJ1uk<\/p>\n<p><strong>SAN JUAN PABLO II<\/strong><\/p>\n<p>Decanato: San Juan Pablo II<br \/>Direcci\u00f3n: Calle 73 y 21 #9006 Col. Aeropuerto<br \/>Tel\u00e9fono: 6142973084<\/p>\n<p><strong>CRISTO SUMO Y ETERNO SACERDOTE<\/strong><\/p>\n<p>Decanato: San Juan Pablo II<br \/>Direcci\u00f3n: 17 de Junio y Hermanos Barrag\u00e1n col. 2 de octubre<br \/>Tel\u00e9fono: 6144353081<\/p>\n<p><strong>JES\u00daS MISERICORDIOSO<\/strong><\/p>\n<p>Decanato: San Juan Pablo II<br \/>Direcci\u00f3n: Rosaura Zapata y Lourdes Garza s\/n Col. L\u00e1zaro C\u00e1rdenas<br \/>Tel\u00e9fono: 6144358164<\/p>\n<p><strong>SAN JOS\u00c9 DE \u00c1VALOS<\/strong><\/p>\n<p>Decanato: San Juan Pablo II<br \/>Direcci\u00f3n: Calle 3\u00aa # 201 Esq. 16 de Sept. Col. \u00c1valos<br \/>Tel\u00e9fono: 6144200930<\/p>\n<p><strong>SANT\u00cdSIMA TRINIDAD<\/strong><\/p>\n<p>Decanato: San Juan Pablo II<br \/>Direcci\u00f3n: Av. Palestina # 9703 Col. Palestina<br \/>Tel\u00e9fono: 6144363017<\/p>\n<p>https:\/\/youtu.be\/YAs3-vjNhNk<\/p>\n<p><strong>SE\u00d1OR DE LOS GUERREROS<\/strong><\/p>\n<p>Decanato: San Juan Pablo II<br \/>Direcci\u00f3n: Guadalupe Victoria # 1002 y 12\u00aa Ampliaci\u00f3n Villa Ju\u00e1rez<br \/>Tel\u00e9fono: 6144357799<\/p>\n<p>https:\/\/youtu.be\/MRtMy9lIv2k<\/p>\n<p><strong>NUESTRA SE\u00d1ORA DE SAN JUAN DE LOS LAGOS<\/strong><\/p>\n<p>Decanato: Catedral<br \/>Direcci\u00f3n: Calle 34\u00aa # 3011 Col. Pac\u00edfico<br \/>Tel\u00e9fono: 6144103878<\/p>\n<p>https:\/\/youtu.be\/MeBSKGRnY8M<\/p>\n<p><strong>SAN JORGE<\/strong><\/p>\n<p>Decanato: Catedral<br \/>Direcci\u00f3n: Secretar\u00eda de Agricultura y Recursos Hidraulicos # 2027 Col. San Jorge<br \/>Tel\u00e9fono: 6144204077<\/p>\n<p><strong>SAN JOS\u00c9 DE LOS TARAHUMARAS<\/strong><\/p>\n<p>Decanato: Catedral<br \/>Direcci\u00f3n: Allende # 2606 Col. Zarco Chihuahua chih<br \/>Tel\u00e9fono: 6142617700<\/p>\n<p><strong>SANTA ROSA DE LIMA<\/strong><\/p>\n<p>Decanato: Catedral<br \/>Direcci\u00f3n: Av. Independencia # 2602 Esq. Ram\u00edrez, Col. Centro<br \/>Tel\u00e9fono: 6144103440<\/p>\n<p>https:\/\/youtu.be\/5OZTQaOLH1c<\/p>\n<p><strong>SANTA RITA DE CASIA<\/strong><\/p>\n<p>Decanato: Catedral<br \/>Direcci\u00f3n: 1\u00ba de Mayo # 1601-A Col. Santa Rita<br \/>Tel\u00e9fono:<\/p>\n<p><strong>SANTA TERESITA<\/strong><\/p>\n<p>Decanato: Catedral<br \/>Direcci\u00f3n: Calle 34\u00aa # 4813 Col. Dale<br \/>Tel\u00e9fono: 6144205186<\/p>\n<p>https:\/\/youtu.be\/joaqlASeUDA<\/p>\n<p><strong>CORPUS CHRISTI<\/strong><\/p>\n<p>Decanato: Nombre de Dios<br \/>Direcci\u00f3n: Paseo del Real y Desierto de Mojave S\/N, Col. Villas del Real, Chihuahua, Chih. C.P. 31137 Tel\u00e9fono: 6144837267<\/p>\n<p><strong>DIVINA PROVIDENCIA<\/strong><\/p>\n<p>Decanato: Nombre de Dios<br \/>Direcci\u00f3n: Av. Tec. y Juan Escutia * Apdo. Postal # G-07 Unidad Insurgentes<br \/>Tel\u00e9fono: 6144193286<\/p>\n<p>https:\/\/youtu.be\/0aGId4p2JMg<\/p>\n<p><strong>JES\u00daS BUEN PASTOR<\/strong><\/p>\n<p>Decanato: Nombre de Dios<br \/>Direcci\u00f3n: Unidad Popular y Fosforo # 894 Col. Juan G\u00fcereca<br \/>Tel\u00e9fono: 6142007328<\/p>\n<p>https:\/\/youtu.be\/PiwpCNat3sI<\/p>\n<p><strong>MAR\u00cdA MADRE DE DIOS<\/strong><\/p>\n<p>Decanato: Nombre de Dios<br \/>Direcci\u00f3n: Monte Celeste y Monte Libio 11306 col Quintas Carolinas Cp 31146<br \/>Tel\u00e9fono: 6144843070<\/p>\n<p>https:\/\/youtu.be\/3VuoLoYnKy8<\/p>\n<p><strong>SAN FRANCISCO JAVIER<\/strong><\/p>\n<p>Decanato: Nombre de Dios<br \/>Direcci\u00f3n: Lazaro C\u00e1rdenas #264 y Otilio Monta\u00f1o Col. Revoluci\u00f3n<br \/>Tel\u00e9fono: 6144192772<\/p>\n<p><strong>SAN JUAN BAUTISTA<\/strong><\/p>\n<p>Decanato: Nombre de Dios<br \/>Direcci\u00f3n: Juan de Dios Mart\u00edn Barba # 6112 col. Nombre de Dios.<br \/>Tel\u00e9fono: 6144243402<\/p>\n<p>https:\/\/youtu.be\/BduTfQrnjR4<\/p>\n<p><strong>SAN PABLO AP\u00d3STOL<\/strong><\/p>\n<p>Decanato: Nombre de Dios<br \/>Direcci\u00f3n: Simon Sarlat Nava # 707<br \/>Tel\u00e9fono: 6144812771<\/p>\n<p>\u00a0<\/p>\n<p><strong>NUESTRA SE\u00d1ORA DE F\u00c1TIMA<\/strong><\/p>\n<p>Decanato: Nuestra Se\u00f1ora de Guadalupe<br \/>Direcci\u00f3n: Cerro de las Campanas # 2200 Col. Margarita Maza de Ju\u00e1rez<br \/>Tel\u00e9fono: 6144184216<\/p>\n<p><strong>NUESTRA SE\u00d1ORA DEL CARMEN<\/strong><\/p>\n<p>Decanato: Nuestra Se\u00f1ora de Guadalupe<br \/>Direcci\u00f3n: Calle 44\u00aa # 807 Col. Zarco<br \/>Tel\u00e9fono: 6144186426<\/p>\n<p><strong>NUESTRA SE\u00d1ORA DEL ROSARIO<\/strong><\/p>\n<p>Decanato: Nuestra Se\u00f1ora de Guadalupe<br \/>Direcci\u00f3n: Ej\u00e9rcito Trigarante y 46\u00aa \u00bd # 4614 Col. Rosario<br \/>Tel\u00e9fono: 6144921858<\/p>\n<p><strong>RESURRECCI\u00d3N DEL SE\u00d1OR<\/strong><\/p>\n<p>Decanato: Nuestra Se\u00f1ora de Guadalupe<br \/>Direcci\u00f3n: Calle 60\u00aa # 2406 Col. Cerro de la Cruz<br \/>Tel\u00e9fono: 6144182964<\/p>\n<p>https:\/\/youtu.be\/Q37JqEXwQBg<\/p>\n<p><strong>SAN JOS\u00c9 DE LOS VIENTOS<\/strong><\/p>\n<p>Decanato: Nuestra Se\u00f1ora de Guadalupe<br \/>Direcci\u00f3n: Flores Mag\u00f3n entre 50\u00aa y 52\u00aa Col. Cuarteles<br \/>Tel\u00e9fono: 6144112698<\/p>\n<p><strong>SAN PEDRO AP\u00d3STOL<\/strong><\/p>\n<p>Decanato: Nuestra Se\u00f1ora de Guadalupe<br \/>Direcci\u00f3n: 30 de Abril y L\u00f3pez Mateos # 1720 Col. Ram\u00f3n Reyes<br \/>Tel\u00e9fono: 6144187924<\/p>\n<p><strong>SANTA ROSAL\u00cdA<\/strong><\/p>\n<p>Decanato: Nuestra Se\u00f1ora de Guadalupe<br \/>Direcci\u00f3n: Orqu\u00eddeas # 1505 Col. Campesina<br \/>Tel\u00e9fono: 6144113735<\/p>\n<p>https:\/\/youtu.be\/kN8kNb3sCe8<\/p>\n<p><strong>SANTUARIO DE GUADALUPE<\/strong><\/p>\n<p>Decanato: Nuestra Se\u00f1ora de Guadalupe<br \/>Direcci\u00f3n: Av. Matamoros # 2253 Col. Jardines del Santuario<br \/>Tel\u00e9fono: 6144186196<\/p>\n<p>https:\/\/youtu.be\/A4zEs_oQmc8<\/p>\n<p><strong>CRISTO REY<\/strong><\/p>\n<p>Decanato: Nuestra Se\u00f1ora del Refugio<br \/>Direcci\u00f3n: Calle 33\u00aa # 3210 y Carlos Fuero Barrio de Londres<br \/>Tel\u00e9fono: 410 1765<\/p>\n<p><strong>NUESTRA SE\u00d1ORA DE LA SOLEDAD<\/strong><\/p>\n<p>Decanato: Nuestra Se\u00f1ora del Refugio<br \/>Direcci\u00f3n: Calle 4a y Samaniego<br \/>Tel\u00e9fono: 6144100481<\/p>\n<p><strong>MAR\u00cdA AUXILIADORA<\/strong><\/p>\n<p>Decanato: Nuestra Se\u00f1ora del Refugio<br \/>Direcci\u00f3n: Calle 55\u00aa y Aniversario Col. Popular<br \/>Tel\u00e9fono: 6144105144<\/p>\n<p><strong>NUESTRA SE\u00d1ORA DEL REFUGIO<\/strong><\/p>\n<p>Decanato: Nuestra Se\u00f1ora del Refugio<br \/>Direcci\u00f3n: Degollado # 2515 * Apdo. Postal # 1322 Col. Obrera<br \/>Tel\u00e9fono: 6144153656<\/p>\n<p><strong>SAN FRANCISCO DE AS\u00cdS<\/strong><\/p>\n<p>Decanato: Nuestra Se\u00f1ora del Refugio<br \/>Direcci\u00f3n: Libertad y Calle 15\u00aa Centro<br \/>Tel\u00e9fono: 6144103057<\/p>\n<p>https:\/\/youtu.be\/c4a1xCMI6JE<\/p>\n<p><strong>SAN JOS\u00c9 DE LA MONTA\u00d1A<\/strong><\/p>\n<p>Decanato: Nuestra Se\u00f1ora del Refugio<br \/>Direcci\u00f3n: Priv. de Aldama # 4503 Col. Roma<br \/>Tel\u00e9fono: 6144103513<\/p>\n<p><strong>SAN RAFAEL ARC\u00c1NGEL<\/strong><\/p>\n<p>Decanato: Nuestra Se\u00f1ora del Refugio<br \/>Direcci\u00f3n: Calle 13\u00aa # 5212 Col. San Rafael<br \/>Tel\u00e9fono: 6144202559<\/p>\n<p><strong>EL BUEN PASTOR<\/strong><\/p>\n<p>Decanato: San Antonio<br \/>Direcci\u00f3n: M\u00e1rtires 2 de Octubre # 1201 Col. Tierra y Libertad<br \/>Tel\u00e9fono: 6144175039<\/p>\n<p>https:\/\/youtu.be\/c9DqD9k3JbI<\/p>\n<p><strong>INMACULADO CORAZ\u00d3N DE MAR\u00cdA<\/strong><\/p>\n<p>Decanato: San Antonio<br \/>Direcci\u00f3n: Chacmool #1201 Unidad Nacional Infonavit<br \/>Tel\u00e9fono: 6144194878<\/p>\n<p><strong>SANTOS M\u00c1RTIRES MEXICANOS<\/strong><\/p>\n<p>Decanato: San Antonio<br \/>Direcci\u00f3n: Calles Herford y Ceb\u00fa Col. Av\u00edcola<br \/>Tel\u00e9fono: 6144303333<\/p>\n<p><strong>NUESTRA SE\u00d1ORA DE LOS \u00c1NGELES<\/strong><\/p>\n<p>Decanato: San Antonio<br \/>Direcci\u00f3n: Catedral de Pachuca s\/n Col. Cantera<br \/>Tel\u00e9fono: 6144261907<\/p>\n<p>https:\/\/youtu.be\/Wc9gtTaMleM<\/p>\n<p><strong>SAN ANTONIO DE PADUA<\/strong><\/p>\n<p>Decanato: San Antonio<br \/>Direcci\u00f3n: Bolivia #713 Col. Panamericana<br \/>Tel\u00e9fono: 6144130207<\/p>\n<p>https:\/\/youtu.be\/XODdilfLnk0<\/p>\n<p><strong>SAN CH\u00c1RBEL<\/strong><\/p>\n<p>Decanato: San Antonio<br \/>Direcci\u00f3n: C. San Ch\u00e1rbel # 6409 Fracc. Lomas de San Ch\u00e1rbel CP. 31216 -Sector 35 Chihuahua, Chih.<br \/>Tel\u00e9fono: 6145416060<\/p>\n<p>https:\/\/youtu.be\/SaP4S3NMxTM<\/p>\n<p><strong>SANTUARIO DE SAN PEDRO DE JES\u00daS MALDONADO<\/strong><\/p>\n<p>Decanato: San Antonio<br \/>Direcci\u00f3n: Avenida Teofilo Borunda 10822<br \/>Tel\u00e9fono: 6142407986<\/p>\n<p><strong>SANTA MAR\u00cdA REINA<\/strong><\/p>\n<p>Decanato: San Antonio<br \/>Direcci\u00f3n: Minessota # 4304 Col. Quintas del Sol<br \/>Tel\u00e9fono: 6144114934<\/p>\n<p>https:\/\/youtu.be\/fpviIGxoCY0<\/p>\n<p><strong>SE\u00d1OR DE LA MISERICORDIA<\/strong><\/p>\n<p>Decanato: San Antonio<br \/>Direcci\u00f3n: San Miguel el Grande # 3401<br \/>Tel\u00e9fono: 6144250365<\/p>\n<p>https:\/\/youtu.be\/tlCIHEHu3v4<\/p>\n<p><strong>ASUNCI\u00d3N DE MAR\u00cdA<\/strong><\/p>\n<p>Decanato: San Felipe<br \/>Direcci\u00f3n: C. Nogal y Jos\u00e9 Marti<br \/>Tel\u00e9fono: 6144403666<\/p>\n<p>https:\/\/youtu.be\/3m9tNMmJ-O4<\/p>\n<p><strong>ESP\u00cdRITU SANTO<\/strong><\/p>\n<p>Decanato: San Felipe<br \/>Direcci\u00f3n: Miguel Schultz<br \/>Tel\u00e9fono: 6144141784<\/p>\n<p>https:\/\/youtu.be\/PjjNL5bgdLE<\/p>\n<p><strong>NUESTRA SE\u00d1ORA DE LA MEDALLA MILAGROSA<\/strong><\/p>\n<p>Decanato: San Felipe<br \/>Direcci\u00f3n: C 23 # 2301 Col. Alta Vista<br \/>Tel\u00e9fono: 6144136111<\/p>\n<p><strong>NUESTRA SE\u00d1ORA DEL PERPETUO SOCORRO<\/strong><\/p>\n<p>Decanato: San Felipe<br \/>Direcci\u00f3n: Hern\u00e1n Cort\u00e9s y Sinaloa Col. Industrial<br \/>Tel\u00e9fono: 6144132688<\/p>\n<p>https:\/\/youtu.be\/uo8iUh4IGZc<\/p>\n<p><strong>SAN FELIPE AP\u00d3STOL<\/strong><\/p>\n<p>Decanato: San Felipe<br \/>Direcci\u00f3n: Estrada Bocanegra y Gral. Retana Col. San Felipe<br \/>Tel\u00e9fono: 6144143827<\/p>\n<p>https:\/\/youtu.be\/gcMdBMBCjWM<\/p>\n<p><strong>SAN IGNACIO DE LOYOLA<\/strong><\/p>\n<p>Decanato: San Felipe<br \/>Direcci\u00f3n: Deza y Ulloa # 1303 Unidad Presidentes<br \/>Tel\u00e9fono: 6144143452<\/p>\n<p><strong>SAN NICOL\u00c1S DE BARI<\/strong><\/p>\n<p>Decanato: San Felipe<br \/>Direcci\u00f3n: Popocat\u00e9petl y Mombacho # 405 Fracc. Panor\u00e1mico<br \/>Tel\u00e9fono: 6144215725<\/p>\n<p><strong>SANTO NI\u00d1O DE ATOCHA<\/strong><\/p>\n<p>Decanato: San Felipe<br \/>Direcci\u00f3n: Av. Tecnol\u00f3gico # 902 Col. Santo Ni\u00f1o<br \/>Tel\u00e9fono: 6144130829<\/p>\n<p>https:\/\/youtu.be\/YrLlVjOgmag<\/p>\n<p><strong>SANTO NI\u00d1O DE PRAGA<\/strong><\/p>\n<p>Decanato: San Felipe<br \/>Direcci\u00f3n: Sim\u00f3n Bol\u00edvar y Kennedy Fracc. Las Palmas<br \/>Tel\u00e9fono: 6144166822<\/p>\n<p>https:\/\/youtu.be\/_W14KduFuw4<\/p>\n<p><strong>SAN JER\u00d3NIMO (ALDAMA)<\/strong><\/p>\n<p>Decanato: San Juan Pablo II<br \/>Direcci\u00f3n: Av. Constituci\u00f3n # 310, Aldama, Chihuahua<br \/>Tel\u00e9fono: 6144510197<\/p>\n<p><strong>SANTA EULALIA<\/strong><\/p>\n<p>Decanato: San Juan Pablo II<br \/>Direcci\u00f3n: Templo parroquial * Domicilio conocido, Santa Eulalia, Chihuahua<br \/>Tel\u00e9fono: 6144515082<\/p>\n<p><strong>SANTUARIO DE GUADALUPE (VILLA JUAREZ)<\/strong><\/p>\n<p>Direcci\u00f3n:\u00a016 de septiembre &amp; Calle Tercera, Ju\u00e1rez, 31064 Chihuahua, Chih. Tel\u00e9fono:\u00a0614 420 0930<\/p>\n<p>https:\/\/youtu.be\/3dz9kvO7kKs<\/p>\n<p><strong>NUESTRA SE\u00d1ORA DE GUADALUPE<\/strong><\/p>\n<p>Direcci\u00f3n:\u00a0L\u00e1zaro C\u00e1rdenas, Francisco Villa, Chihuahua, Chih. Tel\u00e9fono:\u00a0614 419 2772<\/p>\n<p>https:\/\/youtu.be\/5GGxDa7SevM<\/p>\n<p><strong>IGLESIA DE SAN CARLOS BORROMEO<\/strong><\/p>\n<p>Direcci\u00f3n:\u00a0Quintas Carolinas V Etapa, Quintas Carolinas, 31146 Chihuahua, Chih.\u00a0 \u00a0 \u00a0 \u00a0 \u00a0 \u00a0 Tel\u00e9fono:\u00a0614 319 0199<\/p>\n<p>https:\/\/youtu.be\/kZB1fLcbmyM<\/p>\n","protected":false},"excerpt":{"rendered":"<p>SESI\u00d3N CASUAL: 7 SENCILLOS PASOS PARA PLANEARLA. Si no quieren tener problemas de disponibilidad es necesario que comiencen a buscar la iglesia entre ocho a diez meses antes de la celebraci\u00f3n. Eso s\u00ed, elegir la correcta depender\u00e1 de varios factores que deber\u00e1n tomar a cuenta. Te compartimos el directorio de Iglesias en Chihuahua, para que [&hellip;]<\/p>\n","protected":false},"author":2,"featured_media":575,"parent":0,"menu_order":0,"comment_status":"closed","ping_status":"closed","template":"","meta":{"footnotes":""},"class_list":["post-711","page","type-page","status-publish","has-post-thumbnail","hentry"],"_links":{"self":[{"href":"https:\/\/www.jorgeramirezfotografo.com\/index.php\/wp-json\/wp\/v2\/pages\/711","targetHints":{"allow":["GET"]}}],"collection":[{"href":"https:\/\/www.jorgeramirezfotografo.com\/index.php\/wp-json\/wp\/v2\/pages"}],"about":[{"href":"https:\/\/www.jorgeramirezfotografo.com\/index.php\/wp-json\/wp\/v2\/types\/page"}],"author":[{"embeddable":true,"href":"https:\/\/www.jorgeramirezfotografo.com\/index.php\/wp-json\/wp\/v2\/users\/2"}],"replies":[{"embeddable":true,"href":"https:\/\/www.jorgeramirezfotografo.com\/index.php\/wp-json\/wp\/v2\/comments?post=711"}],"version-history":[{"count":39,"href":"https:\/\/www.jorgeramirezfotografo.com\/index.php\/wp-json\/wp\/v2\/pages\/711\/revisions"}],"predecessor-version":[{"id":1231,"href":"https:\/\/www.jorgeramirezfotografo.com\/index.php\/wp-json\/wp\/v2\/pages\/711\/revisions\/1231"}],"wp:featuredmedia":[{"embeddable":true,"href":"https:\/\/www.jorgeramirezfotografo.com\/index.php\/wp-json\/wp\/v2\/media\/575"}],"wp:attachment":[{"href":"https:\/\/www.jorgeramirezfotografo.com\/index.php\/wp-json\/wp\/v2\/media?parent=711"}],"curies":[{"name":"wp","href":"https:\/\/api.w.org\/{rel}","templated":true}]}}