{"id":690,"date":"2020-01-25T18:41:02","date_gmt":"2020-01-25T18:41:02","guid":{"rendered":"https:\/\/www.jorgeramirezfotografo.com\/?page_id=690"},"modified":"2021-01-09T06:31:18","modified_gmt":"2021-01-09T06:31:18","slug":"sesion-casual-6-sencillos-pasos-para-planearla","status":"publish","type":"page","link":"https:\/\/www.jorgeramirezfotografo.com\/index.php\/sesion-casual-6-sencillos-pasos-para-planearla\/","title":{"rendered":"SESI\u00d3N CASUAL: 7 SENCILLOS PASOS PARA PLANEARLA."},"content":{"rendered":"<p><strong>SESI\u00d3N CASUAL: 7 SENCILLOS PASOS PARA PLANEARLA.<\/strong><\/p>\n<p>Si estas pensando en planear tu sesi\u00f3n casual aqu\u00ed te dejamos una serie de recomendaciones que ser\u00e1n de gran utilidad para que disfrutes la experiencia y aproveches tus fotos al m\u00e1ximo.<\/p>\n<p>1. PUNTUALIDAD<br \/>Es muy importante llegar puntual a tu sesi\u00f3n, recuerda que el tiempo de duraci\u00f3n m\u00e1xima es de 1hr. y al llegar tarde perder\u00e1s la oportunidad de aprovechar el tiempo completo de tu sesi\u00f3n.<br \/>Es muy probable que el fot\u00f3grafo al igual que tu tenga otros compromisos antes y despu\u00e9s de tu sesi\u00f3n.<\/p>\n<p>2. PLANEA TU SESI\u00d3N CON TIEMPO<br \/>No hagas tu sesi\u00f3n muy cercana a la fecha de tu evento, te recomendamos de 1 a 3 meses antes, esto te ayudara a estar relajada y tranquila.<\/p>\n<p>3.MAQUILLAJE<br \/>Coordinate con tu maquillista para aprovechar la prueba de peinado y maquillaje, de esta manera no gastaras m\u00e1s.<\/p>\n<p>4.OUTFIT<br \/>Selecciona bien tu outfit, que sea ropa de tu agrado y c\u00f3moda, llevar ropa muy ajustada te har\u00e1 sentir incomoda.<br \/>Si llevas zapatillas es recomendable tambi\u00e9n llevar sandalias o alg\u00fan calzado c\u00f3modo para moverte dentro de la locaci\u00f3n.<br \/>Es aconsejable llevar\u00a0 accesorios como globos, lentes, bicicletas, etc&#8230; eso har\u00e1 tu sesi\u00f3n sera mas divertida.<\/p>\n<p>5.AGENDA<br \/>Los eventos son de viernes a domingo, por tal motivo las sesiones casuales son entre semana (de lunes a jueves), organ\u00edzate bien en tus actividades para aprovechar la tarde y disfrutar al m\u00e1ximo el momento. Seg\u00fan la \u00e9poca del a\u00f1o, ser\u00e1 el horario en que el fot\u00f3grafo te indique.En invierno el sol se oculta mas temprano y en verano mas tarde.<\/p>\n<p>6.LOCACI\u00d3N<br \/>Te recomendamos usar una sola locaci\u00f3n con diferentes escenarios, moverse a varios lugares representa tiempo que se puede aprovechar mejor en una sola locaci\u00f3n. Recuerda que el fot\u00f3grafo debe instalar y desinstalar equipo y eso consumir\u00e1 tiempo que se podr\u00eda utilizar mejor en beneficio de tu sesi\u00f3n.<br \/>Si estas indecisa de que locaci\u00f3n utilizar te sugerimos que visites previamente los lugares as\u00ed como ver fotograf\u00edas tomadas en ese lugar para que te ayude a decidir.<\/p>\n<p>7. SESI\u00d3N CON AMIGOS<\/p>\n<p>Llevar damitas, amigos, chambelam o mascotas puede ser una buena idea, solo considera que eso disminuye el numero de fotos que te vas a tomar.Platica con todos ellos y concient\u00edzalos que jugar o no poner atenci\u00f3n a las indicaciones del fot\u00f3grafo afectara directamente al resultado de tu sesi\u00f3n.<\/p>\n<p>En conclusi\u00f3n agendar tu sesi\u00f3n requiere de compromiso y organizaci\u00f3n, si lo haces de esta manera el resultado de tus fotograf\u00edas ser\u00e1 excelente.<br \/>No olvides llevar una actitud relajada y una gran sonrisa&#8230; las fotograf\u00edas son un espejo y queremos que luzcas genial.<\/p>\n<p>                                        <a rel=\"prettyPhoto[slides]\"\n                                href=\"https:\/\/www.jorgeramirezfotografo.com\/wp-content\/uploads\/2020\/01\/43006778_1919111958137662_3126769219786506240_o.jpg\"\n                                data-rel=\"rgg\"\n                                rel=\"rgg\"\n                                data-src=\"https:\/\/www.jorgeramirezfotografo.com\/wp-content\/uploads\/2020\/01\/43006778_1919111958137662_3126769219786506240_o-150x150.jpg\"\n                                data-ratio=\"1\"\n                                data-height=\"150\"\n                                data-width=\"150\"\n                                aria-label=\"\"\n                        ><br \/>\n                                                        <\/a><br \/>\n                                                <a rel=\"prettyPhoto[slides]\"\n                                href=\"https:\/\/www.jorgeramirezfotografo.com\/wp-content\/uploads\/2020\/01\/55646546_2187973967918125_8024087184921329664_o.jpg\"\n                                data-rel=\"rgg\"\n                                rel=\"rgg\"\n                                data-src=\"https:\/\/www.jorgeramirezfotografo.com\/wp-content\/uploads\/2020\/01\/55646546_2187973967918125_8024087184921329664_o-150x150.jpg\"\n                                data-ratio=\"1\"\n                                data-height=\"150\"\n                                data-width=\"150\"\n                                aria-label=\"\"\n                        ><br \/>\n                                                        <\/a><br \/>\n                                                <a rel=\"prettyPhoto[slides]\"\n                                href=\"https:\/\/www.jorgeramirezfotografo.com\/wp-content\/uploads\/2020\/01\/43500566_1926083847440473_305873719551590400_o.jpg\"\n                                data-rel=\"rgg\"\n                                rel=\"rgg\"\n                                data-src=\"https:\/\/www.jorgeramirezfotografo.com\/wp-content\/uploads\/2020\/01\/43500566_1926083847440473_305873719551590400_o-150x150.jpg\"\n                                data-ratio=\"1\"\n                                data-height=\"150\"\n                                data-width=\"150\"\n                                aria-label=\"\"\n                        ><br \/>\n                                                        <\/a><br \/>\n                                                <a rel=\"prettyPhoto[slides]\"\n                                href=\"https:\/\/www.jorgeramirezfotografo.com\/wp-content\/uploads\/2020\/01\/56161848_2187970564585132_8830074202158530560_o.jpg\"\n                                data-rel=\"rgg\"\n                                rel=\"rgg\"\n                                data-src=\"https:\/\/www.jorgeramirezfotografo.com\/wp-content\/uploads\/2020\/01\/56161848_2187970564585132_8830074202158530560_o-150x150.jpg\"\n                                data-ratio=\"1\"\n                                data-height=\"150\"\n                                data-width=\"150\"\n                                aria-label=\"\"\n                        ><br \/>\n                                                        <\/a><br \/>\n                                                <a rel=\"prettyPhoto[slides]\"\n                                href=\"https:\/\/www.jorgeramirezfotografo.com\/wp-content\/uploads\/2020\/01\/55600764_2189094137806108_548857306729676800_n.jpg\"\n                                data-rel=\"rgg\"\n                                rel=\"rgg\"\n                                data-src=\"https:\/\/www.jorgeramirezfotografo.com\/wp-content\/uploads\/2020\/01\/55600764_2189094137806108_548857306729676800_n-150x150.jpg\"\n                                data-ratio=\"1\"\n                                data-height=\"150\"\n                                data-width=\"150\"\n                                aria-label=\"\"\n                        ><br \/>\n                                                        <\/a><br \/>\n                                                <a rel=\"prettyPhoto[slides]\"\n                                href=\"https:\/\/www.jorgeramirezfotografo.com\/wp-content\/uploads\/2020\/01\/54279477_2158499647532224_2403752200384806912_n.jpg\"\n                                data-rel=\"rgg\"\n                                rel=\"rgg\"\n                                data-src=\"https:\/\/www.jorgeramirezfotografo.com\/wp-content\/uploads\/2020\/01\/54279477_2158499647532224_2403752200384806912_n-150x150.jpg\"\n                                data-ratio=\"1\"\n                                data-height=\"150\"\n                                data-width=\"150\"\n                                aria-label=\"\"\n                        ><br \/>\n                                                        <\/a><br \/>\n                                                <a rel=\"prettyPhoto[slides]\"\n                                href=\"https:\/\/www.jorgeramirezfotografo.com\/wp-content\/uploads\/2020\/01\/50531571_2081355328579990_6310191703907106816_n.jpg\"\n                                data-rel=\"rgg\"\n                                rel=\"rgg\"\n                                data-src=\"https:\/\/www.jorgeramirezfotografo.com\/wp-content\/uploads\/2020\/01\/50531571_2081355328579990_6310191703907106816_n-150x150.jpg\"\n                                data-ratio=\"1\"\n                                data-height=\"150\"\n                                data-width=\"150\"\n                                aria-label=\"\"\n                        ><br \/>\n                                                        <\/a><br \/>\n                                                <a rel=\"prettyPhoto[slides]\"\n                                href=\"https:\/\/www.jorgeramirezfotografo.com\/wp-content\/uploads\/2020\/01\/51034498_2104056539643202_1731287336899051520_n.jpg\"\n                                data-rel=\"rgg\"\n                                rel=\"rgg\"\n                                data-src=\"https:\/\/www.jorgeramirezfotografo.com\/wp-content\/uploads\/2020\/01\/51034498_2104056539643202_1731287336899051520_n-150x150.jpg\"\n                                data-ratio=\"1\"\n                                data-height=\"150\"\n                                data-width=\"150\"\n                                aria-label=\"\"\n                        ><br \/>\n                                                        <\/a><\/p>\n<p>Te dejamos una lista de locaciones dentro de la ciudad.<\/p>\n<p>Considera que algunos lugares son de entrada gratuita y en otros debes solicitar permiso o pagar cuota.<\/p>\n<p>\t\t\t\t\t\t\t\t\t\t<img loading=\"lazy\" decoding=\"async\" width=\"640\" height=\"488\" src=\"https:\/\/www.jorgeramirezfotografo.com\/wp-content\/uploads\/2020\/01\/LOCACIONES-CHIHUAHUA.jpg\" alt=\"\" srcset=\"https:\/\/www.jorgeramirezfotografo.com\/wp-content\/uploads\/2020\/01\/LOCACIONES-CHIHUAHUA.jpg 647w, https:\/\/www.jorgeramirezfotografo.com\/wp-content\/uploads\/2020\/01\/LOCACIONES-CHIHUAHUA-300x229.jpg 300w, https:\/\/www.jorgeramirezfotografo.com\/wp-content\/uploads\/2020\/01\/LOCACIONES-CHIHUAHUA-600x457.jpg 600w\" sizes=\"auto, (max-width: 640px) 100vw, 640px\" \/><\/p>\n","protected":false},"excerpt":{"rendered":"<p>SESI\u00d3N CASUAL: 7 SENCILLOS PASOS PARA PLANEARLA. Si estas pensando en planear tu sesi\u00f3n casual aqu\u00ed te dejamos una serie de recomendaciones que ser\u00e1n de gran utilidad para que disfrutes la experiencia y aproveches tus fotos al m\u00e1ximo. 1. PUNTUALIDADEs muy importante llegar puntual a tu sesi\u00f3n, recuerda que el tiempo de duraci\u00f3n m\u00e1xima es [&hellip;]<\/p>\n","protected":false},"author":2,"featured_media":554,"parent":0,"menu_order":0,"comment_status":"closed","ping_status":"closed","template":"","meta":{"footnotes":""},"class_list":["post-690","page","type-page","status-publish","has-post-thumbnail","hentry"],"_links":{"self":[{"href":"https:\/\/www.jorgeramirezfotografo.com\/index.php\/wp-json\/wp\/v2\/pages\/690","targetHints":{"allow":["GET"]}}],"collection":[{"href":"https:\/\/www.jorgeramirezfotografo.com\/index.php\/wp-json\/wp\/v2\/pages"}],"about":[{"href":"https:\/\/www.jorgeramirezfotografo.com\/index.php\/wp-json\/wp\/v2\/types\/page"}],"author":[{"embeddable":true,"href":"https:\/\/www.jorgeramirezfotografo.com\/index.php\/wp-json\/wp\/v2\/users\/2"}],"replies":[{"embeddable":true,"href":"https:\/\/www.jorgeramirezfotografo.com\/index.php\/wp-json\/wp\/v2\/comments?post=690"}],"version-history":[{"count":7,"href":"https:\/\/www.jorgeramirezfotografo.com\/index.php\/wp-json\/wp\/v2\/pages\/690\/revisions"}],"predecessor-version":[{"id":1229,"href":"https:\/\/www.jorgeramirezfotografo.com\/index.php\/wp-json\/wp\/v2\/pages\/690\/revisions\/1229"}],"wp:featuredmedia":[{"embeddable":true,"href":"https:\/\/www.jorgeramirezfotografo.com\/index.php\/wp-json\/wp\/v2\/media\/554"}],"wp:attachment":[{"href":"https:\/\/www.jorgeramirezfotografo.com\/index.php\/wp-json\/wp\/v2\/media?parent=690"}],"curies":[{"name":"wp","href":"https:\/\/api.w.org\/{rel}","templated":true}]}}