{"id":673,"date":"2020-01-24T20:16:25","date_gmt":"2020-01-24T20:16:25","guid":{"rendered":"https:\/\/www.jorgeramirezfotografo.com\/?page_id=673"},"modified":"2021-01-09T05:29:31","modified_gmt":"2021-01-09T05:29:31","slug":"la-clave-para-tener-el-mejor-photobook-de-tu-evento","status":"publish","type":"page","link":"https:\/\/www.jorgeramirezfotografo.com\/index.php\/la-clave-para-tener-el-mejor-photobook-de-tu-evento\/","title":{"rendered":"La CLAVE para tener el mejor PHOTOBOOK de tu evento."},"content":{"rendered":"<p><em>El \u00e1lbum de su evento ser\u00e1 uno de los recuerdos m\u00e1s especiales. En \u00e9l se resguardar\u00e1 cada uno de los momentos que se vivieron en su gran d\u00eda.\u00a0<\/em><\/p>\n<p><em>Por esa raz\u00f3n, \u00a1sigan estas 3 claves para que tengan un PHOTOBOOK de 10!<\/em><\/p>\n<ol>\n<li>SELECCIONAR LAS MEJORES FOTOS DE TU EVENTO<\/li>\n<\/ol>\n<p>Aprovecha todos los momentos que capturaron, escoge las fotos que sientan mas emotivas, que les recuerde las risas y emociones que pasaron.<\/p>\n<p>Seguro que quieren tener todas las fotograf\u00edas de su celebraci\u00f3n: no solo las que les entregue su\u00a0fot\u00f3grafo, sin embargo, varias ser\u00e1n del mismo momento o tendr\u00e1n \u00e1ngulos similares. \u00bfY qu\u00e9 creen? No todas son necesarias en el \u00e1lbum oficial, as\u00ed que mejor conc\u00e9ntrense en\u00a0<strong>hacer una buena selecci\u00f3n de im\u00e1genes<\/strong>. <strong>Recuerden que CALIDAD, no es cantidad<\/strong>.<\/p>\n<ol start=\"2\">\n<li>MANTENER UN ORDEN CRONOLOGICO DEL EVENTO HARA QUE SE SIENTA MAS LA EMOCION<\/li>\n<\/ol>\n<p>Si tu Fot\u00f3grafo se contrat\u00f3 para que est\u00e9 en los preparativos, una de las\u00a0<strong>primeras im\u00e1genes de su PHOTOBOOK <\/strong>puede ser de ustedes con sus familias, con el vestido o bien se pueden aprovechar las fotograf\u00edas de la sesi\u00f3n casual. Despu\u00e9s, pueden saltar al peinado y maquillaje, la bendici\u00f3n de sus padres y abuelos o el trayecto a la ceremonia, la Sesi\u00f3n Formal; As\u00ed,<strong>\u00a0cada una de las etapas hasta el final<\/strong>\u00a0de la celebraci\u00f3n.<\/p>\n<ol start=\"3\">\n<li>LA IMPRESI\u00d3N EN ALTA CALIDAD Y LOS MATERIALES<\/li>\n<\/ol>\n<p>Es muy cierto que la mente atesora los momentos m\u00e1s importantes para toda la vida. Sin embargo, vale la pena\u00a0<strong>guardarlos de forma impresa\u00a0<\/strong>para compartirlos con sus seres queridos,\u00a0<strong>cuidando la calidad para que perduren<\/strong>\u00a0por muchos a\u00f1os.<\/p>\n<p>\u00bfSab\u00edan que ahora tambi\u00e9n pueden ver el video de su evento en su PHOTOBOOK?<\/p>\n<p>As\u00ed es por medio de una App puedes revivir los momentos mas importantes de tu evento en v\u00eddeo solo con escanear una fotograf\u00eda de tu PHOTOBOOK desde tu tel\u00e9fono celular.<\/p>\n<p>https:\/\/youtu.be\/_3EdfSGw3XQ<\/p>\n","protected":false},"excerpt":{"rendered":"<p>El \u00e1lbum de su evento ser\u00e1 uno de los recuerdos m\u00e1s especiales. En \u00e9l se resguardar\u00e1 cada uno de los momentos que se vivieron en su gran d\u00eda.\u00a0 Por esa raz\u00f3n, \u00a1sigan estas 3 claves para que tengan un PHOTOBOOK de 10! SELECCIONAR LAS MEJORES FOTOS DE TU EVENTO Aprovecha todos los momentos que capturaron, [&hellip;]<\/p>\n","protected":false},"author":2,"featured_media":780,"parent":0,"menu_order":0,"comment_status":"closed","ping_status":"closed","template":"","meta":{"footnotes":""},"class_list":["post-673","page","type-page","status-publish","has-post-thumbnail","hentry"],"_links":{"self":[{"href":"https:\/\/www.jorgeramirezfotografo.com\/index.php\/wp-json\/wp\/v2\/pages\/673","targetHints":{"allow":["GET"]}}],"collection":[{"href":"https:\/\/www.jorgeramirezfotografo.com\/index.php\/wp-json\/wp\/v2\/pages"}],"about":[{"href":"https:\/\/www.jorgeramirezfotografo.com\/index.php\/wp-json\/wp\/v2\/types\/page"}],"author":[{"embeddable":true,"href":"https:\/\/www.jorgeramirezfotografo.com\/index.php\/wp-json\/wp\/v2\/users\/2"}],"replies":[{"embeddable":true,"href":"https:\/\/www.jorgeramirezfotografo.com\/index.php\/wp-json\/wp\/v2\/comments?post=673"}],"version-history":[{"count":5,"href":"https:\/\/www.jorgeramirezfotografo.com\/index.php\/wp-json\/wp\/v2\/pages\/673\/revisions"}],"predecessor-version":[{"id":1219,"href":"https:\/\/www.jorgeramirezfotografo.com\/index.php\/wp-json\/wp\/v2\/pages\/673\/revisions\/1219"}],"wp:featuredmedia":[{"embeddable":true,"href":"https:\/\/www.jorgeramirezfotografo.com\/index.php\/wp-json\/wp\/v2\/media\/780"}],"wp:attachment":[{"href":"https:\/\/www.jorgeramirezfotografo.com\/index.php\/wp-json\/wp\/v2\/media?parent=673"}],"curies":[{"name":"wp","href":"https:\/\/api.w.org\/{rel}","templated":true}]}}