{"id":620,"date":"2019-12-20T05:36:31","date_gmt":"2019-12-20T05:36:31","guid":{"rendered":"https:\/\/www.jorgeramirezfotografo.com\/?page_id=620"},"modified":"2021-01-09T06:56:17","modified_gmt":"2021-01-09T06:56:17","slug":"todos-hablan-de-las-fotos-del-evento-y-el-video","status":"publish","type":"page","link":"https:\/\/www.jorgeramirezfotografo.com\/index.php\/todos-hablan-de-las-fotos-del-evento-y-el-video\/","title":{"rendered":"TODOS HABLAN DE LAS FOTOS DEL EVENTO\u2026 \u00bf\u00bf\u00bfY EL V\u00cdDEO???"},"content":{"rendered":"<p><strong>TODOS HABLAN DE LAS FOTOS DEL EVENTO\u2026 \u00bf\u00bf\u00bfY EL V\u00cdDEO???<\/strong><\/p>\n<p>[vc_row][vc_column][vc_video link=\u00bbhttps:\/\/www.youtube.com\/watch?v=SIvwqVtWcec&amp;t=15s\u00bb][vc_column_text]<\/p>\n\n<p><strong>En esta ocasi\u00f3n queremos<br \/>compartirte en 5 sencillos puntos por qu\u00e9 SI debes tener video de tu boda,<br \/>adem\u00e1s de decirte la importancia de \u00e9ste a futuro.<\/strong><\/p>\n\n<ol class=\"wp-block-list\">\n<li><strong>Tu video ser\u00e1 el recuerdo vivo de tu evento,<br \/>tendr\u00e1s los momentos tal cuales pasaron, no solo los recordaras si no que lo<br \/>volver\u00e1s a vivir en cada ocasi\u00f3n que lo vean.<\/strong><\/li>\n<\/ol>\n\n<p><strong>Revivir el d\u00eda de tu boda, no ser\u00e1 d\u00eda a d\u00eda, pero con el pasar del tiempo podr\u00e1n seguir<br \/>recordando esos momentos tan especiales, podr\u00e1n re\u00edrse y llorar de todas esas<br \/>cosas que los emocionaron, las palabras de los padrinos, el como se ve\u00edan, el<br \/>primer beso como esposos, la mordida del pastel, SU PRIMER VALS, as\u00ed como<br \/>much\u00edsimos momentos que seguro querr\u00e1n seguir disfrutando. <\/strong><\/p>\n\n<ul class=\"wp-block-list\">\n<li><strong>El video lo capta todo, las expresiones de tus<br \/>amigos e invitados, la emoci\u00f3n de tu familia\u2026 alegr\u00edas, llantos y<br \/>felicitaciones quedaran vivos.<\/strong><\/li>\n<\/ul>\n\n<p><strong>Hay muchos momentos que te puedes perder de tu evento como detalles, personas, sorpresas,<br \/>gestos y emociones\u2026 <\/strong><\/p>\n\n<ul class=\"wp-block-list\">\n<li><strong>Todas las personas y momentos quedan vivos\u2026<\/strong><\/li>\n<\/ul>\n\n<p><strong>Tal vez sea porque est\u00e9n lejos, tal vez hubo alguna perdida en la familia\u2026pero podr\u00e1n seguir<br \/>sinti\u00e9ndolos cerca al ver lo felices que eran y cuanto se divirtieron en ese<br \/>d\u00eda so\u00f1ado.<\/strong><\/p>\n\n<p><strong>Tu video ser\u00e1 un legado a tus hijos y nietos con el que podr\u00e1n ser parte de los<br \/>recuerdos de su boda.<\/strong><\/p>\n\n<ul class=\"wp-block-list\">\n<li><strong>Los momentos imprescindibles que debes<br \/>conservar en tu boda son la CEREMONIA\u2026en donde dir\u00e1n juntos SI ACEPTO\u2026 y<br \/>RECEPCION\u2026en donde podr\u00e1n relajarse y disfrutar de amenas compa\u00f1\u00edas, as\u00ed como<br \/>de gratos momentos de fiesta; En ellos se reflejara lo m\u00e1s destacado del d\u00eda de<br \/>tu evento.<\/strong><\/li>\n<\/ul>\n\n<p><strong>La SESION DE FOTOS es otro de los momentos que deben estar en tu video, ya que es el momento<br \/>m\u00e1s relajado y lleno de sonrisas del d\u00eda.<\/strong><\/p>\n\n<p><strong>Los preparativos como PEINADO Y MAQUILLAJE, as\u00ed como la SALIDA DE CASA son momentos<br \/>opcionales que puedes integrar para recordar tus \u00faltimos momentos de soltera.<\/strong><\/p>\n\n<ul class=\"wp-block-list\">\n<li><strong>Las tarifas del video dependen de la cobertura<br \/>que busques, as\u00ed como la producci\u00f3n del mismo, la recomendaci\u00f3n de los expertos<br \/>en bodas es que inviertas el 5% de tu presupuesto de tu evento.<\/strong><\/li>\n<\/ul>\n\n<p><strong>Comprueba lo que buscas en CALIDAD, la mejor opci\u00f3n es en HD, los usos recomendados es en<br \/>formato digital el cual puedes conservar en USB o en la NUBE, los DVD, as\u00ed como<br \/>las cintas con tecnolog\u00edas obsoletas.<\/strong><\/p>\n\n<p><strong>Tambi\u00e9n el SERVICIO y COBERTURA son puntos a revisar, recuerda que lo importante es tener un recuerdo<br \/>vivo de tu gran d\u00eda, conoce el trabajo antes de contratar, compara los estilos<br \/>y precios.<\/strong><\/p>\n\n<p><strong>En el mercado se ofrecen servicios separados de Foto y Video, como tambi\u00e9n hay fot\u00f3grafos experimentados<br \/>que ofrecen SERVICIOS INTEGRALES, la primera opci\u00f3n suele ser mas costosa ya<br \/>que al contratar paquetes completos los precios son m\u00e1s accesibles.<\/strong><\/p>\n\n<p><strong>Si tienes m\u00e1s dudas puedes<br \/>comunicarte al 6141966717<\/strong><\/p>\n\n<p><strong>Con gusto contestaremos<br \/>todas tus preguntas.<\/strong><\/p>\n<p><\/p>\n<p>[\/vc_column_text][\/vc_column][\/vc_row]<\/p>","protected":false},"excerpt":{"rendered":"<p>TODOS HABLAN DE LAS FOTOS DEL EVENTO\u2026 \u00bf\u00bf\u00bfY EL V\u00cdDEO??? [vc_row][vc_column][vc_video link=\u00bbhttps:\/\/www.youtube.com\/watch?v=SIvwqVtWcec&amp;t=15s\u00bb][vc_column_text] En esta ocasi\u00f3n queremoscompartirte en 5 sencillos puntos por qu\u00e9 SI debes tener video de tu boda,adem\u00e1s de decirte la importancia de \u00e9ste a futuro. Tu video ser\u00e1 el recuerdo vivo de tu evento,tendr\u00e1s los momentos tal cuales pasaron, no solo los recordaras [&hellip;]<\/p>\n","protected":false},"author":2,"featured_media":567,"parent":0,"menu_order":0,"comment_status":"closed","ping_status":"closed","template":"","meta":{"footnotes":""},"class_list":["post-620","page","type-page","status-publish","has-post-thumbnail","hentry"],"_links":{"self":[{"href":"https:\/\/www.jorgeramirezfotografo.com\/index.php\/wp-json\/wp\/v2\/pages\/620","targetHints":{"allow":["GET"]}}],"collection":[{"href":"https:\/\/www.jorgeramirezfotografo.com\/index.php\/wp-json\/wp\/v2\/pages"}],"about":[{"href":"https:\/\/www.jorgeramirezfotografo.com\/index.php\/wp-json\/wp\/v2\/types\/page"}],"author":[{"embeddable":true,"href":"https:\/\/www.jorgeramirezfotografo.com\/index.php\/wp-json\/wp\/v2\/users\/2"}],"replies":[{"embeddable":true,"href":"https:\/\/www.jorgeramirezfotografo.com\/index.php\/wp-json\/wp\/v2\/comments?post=620"}],"version-history":[{"count":5,"href":"https:\/\/www.jorgeramirezfotografo.com\/index.php\/wp-json\/wp\/v2\/pages\/620\/revisions"}],"predecessor-version":[{"id":1237,"href":"https:\/\/www.jorgeramirezfotografo.com\/index.php\/wp-json\/wp\/v2\/pages\/620\/revisions\/1237"}],"wp:featuredmedia":[{"embeddable":true,"href":"https:\/\/www.jorgeramirezfotografo.com\/index.php\/wp-json\/wp\/v2\/media\/567"}],"wp:attachment":[{"href":"https:\/\/www.jorgeramirezfotografo.com\/index.php\/wp-json\/wp\/v2\/media?parent=620"}],"curies":[{"name":"wp","href":"https:\/\/api.w.org\/{rel}","templated":true}]}}