{"id":617,"date":"2019-12-20T05:34:13","date_gmt":"2019-12-20T05:34:13","guid":{"rendered":"https:\/\/www.jorgeramirezfotografo.com\/?page_id=617"},"modified":"2021-01-09T07:00:53","modified_gmt":"2021-01-09T07:00:53","slug":"cuanto-debo-invertir-en-el-servicio-de-fotografia","status":"publish","type":"page","link":"https:\/\/www.jorgeramirezfotografo.com\/index.php\/cuanto-debo-invertir-en-el-servicio-de-fotografia\/","title":{"rendered":"\u00bf CUANTO DEBO INVERTIR EN EL SERVICIO DE FOTOGRAF\u00cdA ?"},"content":{"rendered":"<p><strong>\u00bf CUANTO DEBO INVERTIR EN EL SERVICIO DE FOTOGRAF\u00cdA ?<\/strong><\/p>\n<p>[vc_row][vc_column][vc_single_image image=\u00bb624&#8243; img_size=\u00bbfull\u00bb][vc_column_text]<\/p>\n\n\n<p><strong>QUE NO TE AGARREN LAS PRISAS<\/strong><\/p>\n\n\n<p><\/p>\n\n\n<p><strong>\u00bfCUANTO DEBO DE INVERTIR EN EL SERVICIO DE FOTOGRAFIA?<\/strong><\/p>\n\n\n<p><\/p>\n\n\n<p><strong>\u00bfCON CUANTO TIEMPO DE ANTICIPACION DEBO CONTRATAR MI<br>FOTOGRAFO?<\/strong><\/p>\n\n\n\n<p><strong>Es com\u00fan que al planear el d\u00eda de tu evento hagas la lista<br>de tus proveedores de servicios\u2026 entre los cuales los primeros a contratar<br>deber\u00e1n ser tu sal\u00f3n, m\u00fasica y fotograf\u00eda.<\/strong><\/p>\n\n\n\n<p><strong>Por estad\u00edsticas la mejor manera de reservar tu sal\u00f3n es<br>contratar con al menos un a\u00f1o de anticipaci\u00f3n, ya que los mejores salones<br>tienen mucha demanda por la calidad de servicio e instalaciones.<\/strong><\/p>\n\n\n\n<p><strong>En el caso de la m\u00fasica para tu evento es necesario definir<br>si se busca m\u00fasica en vivo o dj., Por lo cual de la misma manera hay que<br>reservar tu fecha con al menos 10 a 12 meses para asegurar que tendr\u00e1s el mejor<br>ambiente en tu fiesta.<\/strong><\/p>\n\n\n\n<p><strong>Los servicios de Fotograf\u00eda deber\u00e1n ser buscados con la<br>misma anticipaci\u00f3n, ya que requieres de mas tiempo para visitarles y conocer su<br>trabajo, adem\u00e1s de buscar recomendaciones, ya que se busca tener el mejor<br>recuerdo de tu evento<\/strong><\/p>\n\n\n\n<p><strong>Los mejores Fot\u00f3grafos llenan su agenda m\u00e1s r\u00e1pido, ya que<br>cuentan con una trayectoria de amplio conocimiento en el ramo de eventos, te<br>recomendamos te acerques a ellos, conozcas su trabajo, compares calidad, servicio<br>y precio.<\/strong><\/p>\n\n\n\n<p><strong>En la actualidad existen cientos de opciones de servicio de<br>fotos, hay muchos fot\u00f3grafos sin experiencia y falto de conocimiento, habilidad<br>y\/o equipo, con los cuales pondr\u00edan en riesgo tu evento, la recomendaci\u00f3n es<br>contratar Fot\u00f3grafos establecidos con trayectoria destacada y con reconocimiento;<br>La recomendaci\u00f3n de los expertos en Bodas dice que la inversi\u00f3n promedio para<br>este servicio deber\u00e1 ser del 10% del presupuesto de tu evento ya que es el<br>\u00fanico recuerdo que quedara del gran d\u00eda.<\/strong><\/p>\n\n\n\n<p><strong>Si tienes mas dudas puedes comunicarte al 6141966717<\/strong><\/p>\n\n\n\n<p><strong>Con gusto contestaremos todas tus preguntas.<\/strong><\/p>\n\n\n<p><\/p>\n\n\n<p><a href=\"http:\/\/www.jorgeramirezfotografo.com\"><strong>www.jorgeramirezfotografo.com<\/strong><\/a><\/p>\n\n\n\n<p><strong>Visita nuestro perfil de Instagram.<\/strong><\/p>\n\n\n\n<p><a href=\"https:\/\/www.instagram.com\/jorgeramirezfotografo\/?hl=es-la\">https:\/\/www.instagram.com\/jorgeramirezfotografo\/?hl=es-la<\/a><\/p>\n<p>\n\n\n<p><\/p>\n<p>[\/vc_column_text][\/vc_column][\/vc_row]<\/p>","protected":false},"excerpt":{"rendered":"<p>\u00bf CUANTO DEBO INVERTIR EN EL SERVICIO DE FOTOGRAF\u00cdA ? [vc_row][vc_column][vc_single_image image=\u00bb624&#8243; img_size=\u00bbfull\u00bb][vc_column_text] QUE NO TE AGARREN LAS PRISAS \u00bfCUANTO DEBO DE INVERTIR EN EL SERVICIO DE FOTOGRAFIA? \u00bfCON CUANTO TIEMPO DE ANTICIPACION DEBO CONTRATAR MIFOTOGRAFO? Es com\u00fan que al planear el d\u00eda de tu evento hagas la listade tus proveedores de servicios\u2026 entre los [&hellip;]<\/p>\n","protected":false},"author":2,"featured_media":512,"parent":0,"menu_order":0,"comment_status":"closed","ping_status":"closed","template":"","meta":{"footnotes":""},"class_list":["post-617","page","type-page","status-publish","has-post-thumbnail","hentry"],"_links":{"self":[{"href":"https:\/\/www.jorgeramirezfotografo.com\/index.php\/wp-json\/wp\/v2\/pages\/617","targetHints":{"allow":["GET"]}}],"collection":[{"href":"https:\/\/www.jorgeramirezfotografo.com\/index.php\/wp-json\/wp\/v2\/pages"}],"about":[{"href":"https:\/\/www.jorgeramirezfotografo.com\/index.php\/wp-json\/wp\/v2\/types\/page"}],"author":[{"embeddable":true,"href":"https:\/\/www.jorgeramirezfotografo.com\/index.php\/wp-json\/wp\/v2\/users\/2"}],"replies":[{"embeddable":true,"href":"https:\/\/www.jorgeramirezfotografo.com\/index.php\/wp-json\/wp\/v2\/comments?post=617"}],"version-history":[{"count":6,"href":"https:\/\/www.jorgeramirezfotografo.com\/index.php\/wp-json\/wp\/v2\/pages\/617\/revisions"}],"predecessor-version":[{"id":1241,"href":"https:\/\/www.jorgeramirezfotografo.com\/index.php\/wp-json\/wp\/v2\/pages\/617\/revisions\/1241"}],"wp:featuredmedia":[{"embeddable":true,"href":"https:\/\/www.jorgeramirezfotografo.com\/index.php\/wp-json\/wp\/v2\/media\/512"}],"wp:attachment":[{"href":"https:\/\/www.jorgeramirezfotografo.com\/index.php\/wp-json\/wp\/v2\/media?parent=617"}],"curies":[{"name":"wp","href":"https:\/\/api.w.org\/{rel}","templated":true}]}}