{"id":613,"date":"2019-12-20T05:31:25","date_gmt":"2019-12-20T05:31:25","guid":{"rendered":"https:\/\/www.jorgeramirezfotografo.com\/?page_id=613"},"modified":"2021-01-09T05:06:01","modified_gmt":"2021-01-09T05:06:01","slug":"5-preguntas-que-debes-hacer-a-tu-fotografo","status":"publish","type":"page","link":"https:\/\/www.jorgeramirezfotografo.com\/index.php\/5-preguntas-que-debes-hacer-a-tu-fotografo\/","title":{"rendered":"5 PREGUNTAS QUE DEBES HACER A TU FOTOGRAFO"},"content":{"rendered":"<p>[vc_row][vc_column][vc_single_image image=\u00bb512&#8243; img_size=\u00bbfull\u00bb][vc_column_text]<\/p>\n\n5 PREGUNTAS QUE<br \/>\nNECESITAS HACER A TU FOTOGRAFO DE BODAS<\/p>\n\n<p><\/p>\n\nSabemos que<br \/>\ncuando est\u00e1n en los preparativos de su boda est\u00e1n llenos de dudas\u2026<\/p>\n\n<p><\/p>\n\nEs por eso que<br \/>\nnos dimos a la tarea de presentarles una simple lista de las preguntas m\u00e1s<br \/>\nhabituales que le puedes hacer a tu fot\u00f3grafo para estar segura que es el<br \/>\nindicado.<\/p>\n\n\n<ol class=\"wp-block-list\"><li><strong>\u00bfQu\u00e9 ESTILO de fotograf\u00eda realiza?<\/strong><\/li><\/ol>\n\n<p><\/p>\n\nEs importante que lo chequen porque&nbsp;<strong>cada artista tiene un enfoque<\/strong>.<\/p>\n\n<p><\/p>\n\nLo que puede ser emotivo para su fot\u00f3grafo tal<br \/>\nvez no lo sea para ustedes y viceversa.<\/p>\n\n<p><\/p>\n\nHay muchos estilos de reportaje de boda, period\u00edstico,<br \/>\nart\u00edstico, cl\u00e1sico entre otros\u2026 el m\u00e1s buscado es el documental, el cual<br \/>\nenmarca en una variedad de escenas el desarrollo completo del evento dando<br \/>\nopci\u00f3n a mezclar con retratos art\u00edsticos y cl\u00e1sicos.<\/p>\n\n\n<ul class=\"wp-block-list\"><li>\u00bf<strong>Qu\u00e9 incluyen los paquetes de servicios<\/strong>?<\/li><\/ul>\n\n<p><\/p>\n\nEn el mercado de<br \/>\nlas bodas hay Fot\u00f3grafos que incluyen solo el servicio de fotograf\u00eda, as\u00ed como tambi\u00e9n<br \/>\nhay fot\u00f3grafos experimentados que te pueden ofrecer una soluci\u00f3n integral con<br \/>\ncobertura en foto y video.<\/p>\n\n<p><\/p>\n\nLos servicios se<br \/>\nconforman habitualmente dependiendo de la cobertura que busques para tu<br \/>\nevento\u2026sesiones, ceremonia, recepci\u00f3n, peinado, salida de casa\u2026 de ellos<br \/>\nderivan los costos y la cantidad de fotos que se entreguen, as\u00ed como la<br \/>\nduraci\u00f3n del video.<\/p>\n\n\n<ul class=\"wp-block-list\"><li>\u00bf<strong>Fotos impresas o digitales<\/strong>?<\/li><\/ul>\n\n<p><\/p>\n\nLa mayor\u00eda de los novios siempre se preguntan si es necesario<br \/>\ntener fotos impresas, la respuesta es SI.<\/p>\n\n<p><\/p>\n\nTener tus archivos solo en digital es practico, pero representa<br \/>\nun gran riesgo, es com\u00fan que los dispositivos se da\u00f1en y puedas perder el<br \/>\nrecuerdo de tu boda.<\/p>\n\n<p><\/p>\n\nExisten varias formas de tener un recuerdo impreso de tu evento,<br \/>\nla m\u00e1s com\u00fan es tener las fotos impresas en tama\u00f1os convencionales, as\u00ed como<br \/>\ntambi\u00e9n se puede tener un PHOTOBOOK de fino acabado, es una forma m\u00e1s atractiva<br \/>\ny creativa de guardar el recuerdo de tu boda.<\/p>\n\n<p><\/p>\n\nTe dejamos un link para que conozcas los Photobooks de \u00faltima generaci\u00f3n.<\/p>\n\n\n<figure>\n<iframe loading=\"lazy\" title=\"PHOTOBOOK INTERACTIVO\" width=\"640\" height=\"360\" src=\"https:\/\/www.youtube.com\/embed\/mPrXndAUEnQ?feature=oembed\" frameborder=\"0\" allow=\"accelerometer; autoplay; clipboard-write; encrypted-media; gyroscope; picture-in-picture; web-share\" referrerpolicy=\"strict-origin-when-cross-origin\" allowfullscreen><\/iframe>\n<\/figure>\n\n\n<ul class=\"wp-block-list\"><li>\u00bfC\u00f3mo sacar el m\u00e1ximo provecho a tu fot\u00f3grafo?<\/li><\/ul>\n\n<p><\/p>\n\nLos expertos en<br \/>\nla materia recomiendan hacer parte de tu evento a tus proveedores, hazlos<br \/>\nsentir como invitados, as\u00ed ellos responder\u00e1n de una manera emp\u00e1tica al realizar<br \/>\nsu trabajo.<\/p>\n\n<p><\/p>\n\nIntegrar al<br \/>\nfot\u00f3grafo a tu evento potencializara los resultados. Mant\u00e9n constante<br \/>\ncomunicaci\u00f3n durante el evento as\u00ed podr\u00e1n ponerse de acuerdo con las capturas<br \/>\nque desean.<\/p>\n\n<p><\/p>\n\nHabr\u00e1 m\u00e1s<br \/>\nconfianza al realizar su trabajo y ser\u00e1 m\u00e1s comprometido con tu evento, incrementar\u00e1<br \/>\nmas la confianza para ser creativos y sacar provecho a los momentos de tu boda.<\/p>\n\n\n<ul class=\"wp-block-list\"><li>\u00bfCu\u00e1l es el precio justo?<\/li><\/ul>\n\n<p><\/p>\n\nTodo deriva del<br \/>\ntiempo de cobertura, calidad y experiencia.<\/p>\n\n<p><\/p>\n\nHay una amplia<br \/>\ngama de proveedores con rangos de precios desde los $3000 pesos hasta los<br \/>\n$25000, no compares los costos\u2026 dec\u00eddete por el que te guste su trabajo, que<br \/>\ntenga experiencia y sea una opci\u00f3n rentable, busca recomendaciones de sus<br \/>\nservicios, as\u00ed como su pagina web, seguidores y perfil en Facebook y otras<br \/>\nredes sociales.<\/p>\n\n<p><\/p>\n\nGeneralmente<br \/>\nquien cobra poco son fot\u00f3grafos sin experiencia y con poca capacitaci\u00f3n\u2026 aunque<br \/>\ntambi\u00e9n pagar mucho presenta el riesgo de que el trabajo final no sea de tu<br \/>\nagrado y hallas mal gastado tu dinero.<\/p>\n<p>\n\n<p>[\/vc_column_text][\/vc_column][\/vc_row]<\/p>","protected":false},"excerpt":{"rendered":"<p>[vc_row][vc_column][vc_single_image image=\u00bb512&#8243; img_size=\u00bbfull\u00bb][vc_column_text] 5 PREGUNTAS QUE NECESITAS HACER A TU FOTOGRAFO DE BODAS Sabemos que cuando est\u00e1n en los preparativos de su boda est\u00e1n llenos de dudas\u2026 Es por eso que nos dimos a la tarea de presentarles una simple lista de las preguntas m\u00e1s habituales que le puedes hacer a tu fot\u00f3grafo para estar [&hellip;]<\/p>\n","protected":false},"author":2,"featured_media":351,"parent":0,"menu_order":0,"comment_status":"closed","ping_status":"closed","template":"","meta":{"footnotes":""},"class_list":["post-613","page","type-page","status-publish","has-post-thumbnail","hentry"],"_links":{"self":[{"href":"https:\/\/www.jorgeramirezfotografo.com\/index.php\/wp-json\/wp\/v2\/pages\/613","targetHints":{"allow":["GET"]}}],"collection":[{"href":"https:\/\/www.jorgeramirezfotografo.com\/index.php\/wp-json\/wp\/v2\/pages"}],"about":[{"href":"https:\/\/www.jorgeramirezfotografo.com\/index.php\/wp-json\/wp\/v2\/types\/page"}],"author":[{"embeddable":true,"href":"https:\/\/www.jorgeramirezfotografo.com\/index.php\/wp-json\/wp\/v2\/users\/2"}],"replies":[{"embeddable":true,"href":"https:\/\/www.jorgeramirezfotografo.com\/index.php\/wp-json\/wp\/v2\/comments?post=613"}],"version-history":[{"count":5,"href":"https:\/\/www.jorgeramirezfotografo.com\/index.php\/wp-json\/wp\/v2\/pages\/613\/revisions"}],"predecessor-version":[{"id":1210,"href":"https:\/\/www.jorgeramirezfotografo.com\/index.php\/wp-json\/wp\/v2\/pages\/613\/revisions\/1210"}],"wp:featuredmedia":[{"embeddable":true,"href":"https:\/\/www.jorgeramirezfotografo.com\/index.php\/wp-json\/wp\/v2\/media\/351"}],"wp:attachment":[{"href":"https:\/\/www.jorgeramirezfotografo.com\/index.php\/wp-json\/wp\/v2\/media?parent=613"}],"curies":[{"name":"wp","href":"https:\/\/api.w.org\/{rel}","templated":true}]}}