{"id":604,"date":"2019-12-20T05:09:32","date_gmt":"2019-12-20T05:09:32","guid":{"rendered":"https:\/\/www.jorgeramirezfotografo.com\/?page_id=604"},"modified":"2021-01-09T05:25:56","modified_gmt":"2021-01-09T05:25:56","slug":"fotos-en-recepcion","status":"publish","type":"page","link":"https:\/\/www.jorgeramirezfotografo.com\/index.php\/fotos-en-recepcion\/","title":{"rendered":"FOTOS EN RECEPCI\u00d3N"},"content":{"rendered":"<p>[vc_row][vc_column][vc_images_carousel images=\u00bb572,598,314,573,597,580,344,599,356&#8243; img_size=\u00bbfull\u00bb autoplay=\u00bbyes\u00bb title=\u00bbMILLONES DE FOTOS EN TU RECEPCI\u00d3N\u00bb][\/vc_column][\/vc_row][vc_row][vc_column][vc_column_text]<strong>Las fotograf\u00edas y video de tu boda<\/strong>&nbsp;son lo m\u00e1s importante porque ser\u00e1n los recuerdos que les podr\u00e1s ense\u00f1ar a tus seres queridos en el futuro. No hay nada mejor que poder ver<strong>&nbsp;su felicidad plasmada en una imagen de por vida\u2026 aunque es tambi\u00e9n el momento de disfrutar\u2026 es por ello que preocupados por que aproveches tu evento al m\u00e1ximo te compartimos la f\u00f3rmula para lograrlo.<\/strong><br \/>\n<strong>3 TIPS PARA TENER EL MEJOR RECUERDO\u2026 Y DISFRUTAR LA FIESTA<\/strong><\/p>\n<ol>\n<li><strong>Platica con tu fot\u00f3grafo que tipo de fotograf\u00eda te gustar\u00eda tener de recuerdo\u2026<\/strong><\/li>\n<\/ol>\n<p><strong>Si quieres tomarte fotos con tus amigos, familia e invitados y de qu\u00e9 forma\u2026 en set o espont\u00e1neo\u2026 que momentos quieres retratar\u2026<\/strong><br \/>\n<strong>Tomarte fotos con todos tus invitados conlleva tiempo que hay que dedicar en forma exclusiva a ello\u2026 pero no tiene porque quitarnos tiempo para gozar la fiesta\u2026 puedes sugerir a tu fot\u00f3grafo que se tomen las fotos en un horario determinado de la fiesta\u2026 as\u00ed no tendr\u00e1s la preocupaci\u00f3n que alguien falto de retratarse o que est\u00e1n bailando sin ti.<\/strong><\/p>\n<ol start=\"2\">\n<li><strong>Evita que importunen momentos cumbre de tu boda.<\/strong><\/li>\n<\/ol>\n<p><strong>Sugiere a tus invitados guarden los tel\u00e9fonos o c\u00e1maras\u2026 hazles saber que los invitaste para disfrutar tu gran d\u00eda\u2026 el estar tomando selfies es divertido con medida o compartir grandes momentos de tu vida con los dem\u00e1s en las redes sociales\u2026 pero si contamos el tiempo de cada foto que te tomes con tus invitados habr\u00e1s perdido la mitad de tu fiesta\u2026 aprovecha tu fot\u00f3grafo al m\u00e1ximo\u2026 el se encargara de conseguir los mejores momentos que luego podr\u00e1s compartir con todos tus invitados.<\/strong><\/p>\n<ol start=\"3\">\n<li><strong>Los 15 momentos que no deben faltar en tu rese\u00f1a fotogr\u00e1fica.<\/strong><\/li>\n<\/ol>\n<p>La decoraci\u00f3n est\u00e1 lista, los&nbsp;<a href=\"https:\/\/www.bodas.com.mx\/articulos\/arreglos-de-mesa-para-boda--c6597\">arreglos de mesa para boda<\/a>&nbsp;tambi\u00e9n y los invitados est\u00e1n en su lugar. Solo falta hacer&nbsp;<strong>la entrada triunfal como marido y mujer<\/strong>&nbsp;y disfrutar de su recepci\u00f3n junto con sus familiares y amigos.<\/p>\n<ol>\n<li>Panor\u00e1mica del lugar<\/li>\n<li>La entrada<\/li>\n<li>El vals<\/li>\n<li>Los novios sentados en su mesa<\/li>\n<li>Agradecimiento a sus invitados<\/li>\n<li>El brindis<\/li>\n<li>La decoraci\u00f3n<\/li>\n<li>La partida de pastel<\/li>\n<li>Los invitados bailando<\/li>\n<li>El novio le quita la liga a la novia<\/li>\n<li>El lanzamiento del ramo<\/li>\n<li>El lanzamiento de la liga<\/li>\n<li>Avientan al novio<\/li>\n<li>Los novios se divierten en el baile<\/li>\n<li>Foto con los invitados en la pista<\/li>\n<\/ol>\n<p>La fiesta llega&nbsp;<strong>cuando descansan de los nervios, se relajan y disfrutan a\u00fan m\u00e1s<\/strong>. Adem\u00e1s, junto con sus familiares y amigos le sacar\u00e1n brillo a la pista de baile y poder disfrutar al m\u00e1ximo de la fiesta.<br \/>\nContrata un fot\u00f3grafo con experiencia para que te ayude a determinar tus necesidades y sacar el mayor provecho a tu fiesta.[\/vc_column_text][\/vc_column][\/vc_row]<\/p>\n","protected":false},"excerpt":{"rendered":"<p>[vc_row][vc_column][vc_images_carousel images=\u00bb572,598,314,573,597,580,344,599,356&#8243; img_size=\u00bbfull\u00bb autoplay=\u00bbyes\u00bb title=\u00bbMILLONES DE FOTOS EN TU RECEPCI\u00d3N\u00bb][\/vc_column][\/vc_row][vc_row][vc_column][vc_column_text]Las fotograf\u00edas y video de tu boda&nbsp;son lo m\u00e1s importante porque ser\u00e1n los recuerdos que les podr\u00e1s ense\u00f1ar a tus seres queridos en el futuro. No hay nada mejor que poder ver&nbsp;su felicidad plasmada en una imagen de por vida\u2026 aunque es tambi\u00e9n el momento de [&hellip;]<\/p>\n","protected":false},"author":2,"featured_media":573,"parent":0,"menu_order":0,"comment_status":"closed","ping_status":"closed","template":"","meta":{"footnotes":""},"class_list":["post-604","page","type-page","status-publish","has-post-thumbnail","hentry"],"_links":{"self":[{"href":"https:\/\/www.jorgeramirezfotografo.com\/index.php\/wp-json\/wp\/v2\/pages\/604","targetHints":{"allow":["GET"]}}],"collection":[{"href":"https:\/\/www.jorgeramirezfotografo.com\/index.php\/wp-json\/wp\/v2\/pages"}],"about":[{"href":"https:\/\/www.jorgeramirezfotografo.com\/index.php\/wp-json\/wp\/v2\/types\/page"}],"author":[{"embeddable":true,"href":"https:\/\/www.jorgeramirezfotografo.com\/index.php\/wp-json\/wp\/v2\/users\/2"}],"replies":[{"embeddable":true,"href":"https:\/\/www.jorgeramirezfotografo.com\/index.php\/wp-json\/wp\/v2\/comments?post=604"}],"version-history":[{"count":4,"href":"https:\/\/www.jorgeramirezfotografo.com\/index.php\/wp-json\/wp\/v2\/pages\/604\/revisions"}],"predecessor-version":[{"id":1217,"href":"https:\/\/www.jorgeramirezfotografo.com\/index.php\/wp-json\/wp\/v2\/pages\/604\/revisions\/1217"}],"wp:featuredmedia":[{"embeddable":true,"href":"https:\/\/www.jorgeramirezfotografo.com\/index.php\/wp-json\/wp\/v2\/media\/573"}],"wp:attachment":[{"href":"https:\/\/www.jorgeramirezfotografo.com\/index.php\/wp-json\/wp\/v2\/media?parent=604"}],"curies":[{"name":"wp","href":"https:\/\/api.w.org\/{rel}","templated":true}]}}