{"id":601,"date":"2019-12-20T05:08:05","date_gmt":"2019-12-20T05:08:05","guid":{"rendered":"https:\/\/www.jorgeramirezfotografo.com\/?page_id=601"},"modified":"2021-01-09T05:22:41","modified_gmt":"2021-01-09T05:22:41","slug":"fotos-en-ceremonia","status":"publish","type":"page","link":"https:\/\/www.jorgeramirezfotografo.com\/index.php\/fotos-en-ceremonia\/","title":{"rendered":"FOTOS EN CEREMONIA"},"content":{"rendered":"<p>[vc_row][vc_column][vc_images_carousel images=\u00bb571,570,568,569,563,565,438,578,576,350,564,343&#8243; img_size=\u00bbfull\u00bb autoplay=\u00bbyes\u00bb title=\u00bb\u00bf QUIERES FOTOS INCRE\u00cdBLES EN TU CEREMONIA?\u00bb][\/vc_column][\/vc_row][vc_row][vc_column][vc_column_text]Todos esperamos que esos momentos especiales queden plasmados en las fotos mas emotivas y conmovedoras\u2026 como si vivieras el momento una y otra vez.<br \/>\nPues es por ello que esta vez te traemos 10 tips de c\u00f3mo hacer que esos momentos luzcan de lo mejor en tu ceremonia.<\/p>\n<ol>\n<li>Lo primero es llegar temprano, as\u00ed evitaran estar tensos o preocupados porque quiz\u00e1 est\u00e9n muy cortos de tiempo para ajustar detalles de \u00faltimo momento. Contar con que tu corte de padrinos y madrinas esta lista para el gran momento\u2026 La puntualidad es un factor muy importante ya que tu fot\u00f3grafo requiere de tiempo para visualizar los momentos importantes\u2026el tambi\u00e9n se estresar\u00e1 al contar con poco tiempo para planear las fotograf\u00edas de tu ceremonia. Para esto debes contratar a un FOTOGRAFO CON AMPLIA EXPERIENCIA, que sepa manejar ese tipo de cuestiones.<\/li>\n<\/ol>\n<p>&nbsp;<\/p>\n<ol start=\"2\">\n<li>Siempre sonr\u00ede\u2026 tal vez los nervios de la ceremonia est\u00e9n al por mayor\u2026 <strong>pero es tu d\u00eda.<\/strong><\/li>\n<\/ol>\n<p>Al estar saludando a tus invitados y cortejo, Sonrie\u2026 todos sabemos que te ver\u00e1s fabulosa ese d\u00eda y queremos que tus fotos reflejen esa naturalidad. Disfruta el momento.<\/p>\n<ol start=\"3\">\n<li>Al llegar al templo, Entra despacio, sonrie y respira\u2026<\/li>\n<\/ol>\n<p>Al iniciar la entrada al recinto, espera unos momentos para ir detr\u00e1s de tu cortejo.<br \/>\nsabemos que es el momento de m\u00e1s tensi\u00f3n as\u00ed que hazlo con calma de esta forma le dar\u00e1s espacio a tu fot\u00f3grafo de poder inmortalizar el momento de tu entrada de la mejor manera.<\/p>\n<ol start=\"4\">\n<li>Al llegar al altar, toma de la mano al novio\u2026 El deber\u00e1 estar sonriendo al ver lo maravillosa que te ves, no acomodes tu vestido\u2026 deja que el momento salga natural y se aproveche\u2026 tu atenci\u00f3n deber\u00e1 estar en los ojos de tu prometido y tus manos en las de El\u2026<\/li>\n<\/ol>\n<p>** Cuando el sacerdote les este hablando presten completa atenci\u00f3n.<\/p>\n<ol start=\"5\">\n<li>Al momento de iniciar la ceremonia podremos acomodar la cauda y el velo, pide a una de tus damas que est\u00e9 preparada en todo momento para salir a tu rescate.<\/li>\n<li>T\u00f3mense de las manos y mirense entre ustedes\u2026 Suena repetitivo, pero es la mejor manera de tener \u00e9xito y lograr que sus fotos ser\u00e1n inolvidables, siempre mantener la espalda derecha, los hombros relajados y una sonrisa natural.<\/li>\n<li>Frente a frente, al momento del casamiento har\u00e1n tener un mejor \u00e1ngulo para capturar sus expresiones y tener una mejor perspectiva de los detalles, as\u00ed como el momento m\u00e1s memorable de la ceremonia en una foto incre\u00edble. La diferencia entre una foto com\u00fan y una imagen imponente esta en la forma en la que los novios se presenten en el Altar.<\/li>\n<\/ol>\n<p>Al poner los anillos v\u00e9anse fijamente, las manos hay que mantenerlas relajadas para que el momento de la foto sea inolvidable. Es muy aconsejable que los novios se coloquen frente a frente\u2026. Con un espacio tal que se pueda apreciar perfectamente el momento de colocar los anillos uno al otro.<\/p>\n<ol start=\"8\">\n<li>Cuando les coloquen el lazo t\u00f3mense de las manos, es un momento especial que representa la uni\u00f3n de sus vidas y la mejor manera de recordar es con una gran foto que diga toda esa emoci\u00f3n que sienten.<\/li>\n<li>Al momento de hacer la salida del recinto t\u00f3mense de las manos y caminen de manera natural, eso lograra que se puedan tomar unas fotos espectaculares. disfruten ese momento de gozo\u2026 al salir podr\u00e1n ser felicitados por sus invitados y con toda comodidad se tomar\u00e1n cuantas fotos puedan.<\/li>\n<li>Como podr\u00e1s ver materializar los momentos de tu ceremonia es solo cuesti\u00f3n de seguir estos sencillos pasos. Se tu, siempre sonr\u00ede y deja en la medida de lo posible el nerviosismo excesivo que ocasionara que tu expresi\u00f3n no sea la que tu deseas recordar en ese d\u00eda tan especial.<\/li>\n<\/ol>\n<p>[\/vc_column_text][\/vc_column][\/vc_row]<\/p>\n","protected":false},"excerpt":{"rendered":"<p>[vc_row][vc_column][vc_images_carousel images=\u00bb571,570,568,569,563,565,438,578,576,350,564,343&#8243; img_size=\u00bbfull\u00bb autoplay=\u00bbyes\u00bb title=\u00bb\u00bf QUIERES FOTOS INCRE\u00cdBLES EN TU CEREMONIA?\u00bb][\/vc_column][\/vc_row][vc_row][vc_column][vc_column_text]Todos esperamos que esos momentos especiales queden plasmados en las fotos mas emotivas y conmovedoras\u2026 como si vivieras el momento una y otra vez. Pues es por ello que esta vez te traemos 10 tips de c\u00f3mo hacer que esos momentos luzcan de lo mejor [&hellip;]<\/p>\n","protected":false},"author":2,"featured_media":0,"parent":0,"menu_order":0,"comment_status":"closed","ping_status":"closed","template":"","meta":{"footnotes":""},"class_list":["post-601","page","type-page","status-publish","hentry"],"_links":{"self":[{"href":"https:\/\/www.jorgeramirezfotografo.com\/index.php\/wp-json\/wp\/v2\/pages\/601","targetHints":{"allow":["GET"]}}],"collection":[{"href":"https:\/\/www.jorgeramirezfotografo.com\/index.php\/wp-json\/wp\/v2\/pages"}],"about":[{"href":"https:\/\/www.jorgeramirezfotografo.com\/index.php\/wp-json\/wp\/v2\/types\/page"}],"author":[{"embeddable":true,"href":"https:\/\/www.jorgeramirezfotografo.com\/index.php\/wp-json\/wp\/v2\/users\/2"}],"replies":[{"embeddable":true,"href":"https:\/\/www.jorgeramirezfotografo.com\/index.php\/wp-json\/wp\/v2\/comments?post=601"}],"version-history":[{"count":4,"href":"https:\/\/www.jorgeramirezfotografo.com\/index.php\/wp-json\/wp\/v2\/pages\/601\/revisions"}],"predecessor-version":[{"id":1215,"href":"https:\/\/www.jorgeramirezfotografo.com\/index.php\/wp-json\/wp\/v2\/pages\/601\/revisions\/1215"}],"wp:attachment":[{"href":"https:\/\/www.jorgeramirezfotografo.com\/index.php\/wp-json\/wp\/v2\/media?parent=601"}],"curies":[{"name":"wp","href":"https:\/\/api.w.org\/{rel}","templated":true}]}}