{"id":397,"date":"2019-12-17T06:05:21","date_gmt":"2019-12-17T06:05:21","guid":{"rendered":"https:\/\/www.jorgeramirezfotografo.com\/?page_id=397"},"modified":"2022-05-21T00:08:30","modified_gmt":"2022-05-21T00:08:30","slug":"la-pelicula-de-tu-boda","status":"publish","type":"page","link":"https:\/\/www.jorgeramirezfotografo.com\/index.php\/la-pelicula-de-tu-boda\/","title":{"rendered":"La pel\u00edcula de tu Boda"},"content":{"rendered":"<h2>Videos de Boda<\/p>\n<\/h2>\n<p>Las fotograf\u00edas y video de tu boda\u00a0son lo m\u00e1s importante porque ser\u00e1n los recuerdos que les podr\u00e1s ense\u00f1ar a tus seres queridos en el futuro. No hay nada mejor que poder ver\u00a0su felicidad plasmada en una imagen de por vida.<\/p>\n<p>+INFO: 6141966717<\/p>\n<p>https:\/\/youtu.be\/_xbJZFRoi8Ehttps:\/\/youtu.be\/TZ68BTb8Qdghttps:\/\/youtu.be\/7zPkZVs3CRc\t\t<\/p>\n<h2>Videos Save the Date &#8211; Sesi\u00f3n de Fotos<\/h2>\n<h6><b>La SESION DE FOTOS es otro de los momentos que deben estar en tu video, ya que es el momento m\u00e1s relajado y lleno de sonrisas del d\u00eda.<\/b><\/h6>\n<p>https:\/\/youtu.be\/lmKz_esINeMhttps:\/\/youtu.be\/P7Ll2IUzSqg<\/p>\n","protected":false},"excerpt":{"rendered":"<p>Videos de Boda Las fotograf\u00edas y video de tu boda\u00a0son lo m\u00e1s importante porque ser\u00e1n los recuerdos que les podr\u00e1s ense\u00f1ar a tus seres queridos en el futuro. No hay nada mejor que poder ver\u00a0su felicidad plasmada en una imagen de por vida. +INFO: 6141966717 https:\/\/youtu.be\/_xbJZFRoi8Ehttps:\/\/youtu.be\/TZ68BTb8Qdghttps:\/\/youtu.be\/7zPkZVs3CRc Videos Save the Date &#8211; Sesi\u00f3n de Fotos La [&hellip;]<\/p>\n","protected":false},"author":2,"featured_media":518,"parent":0,"menu_order":0,"comment_status":"closed","ping_status":"closed","template":"","meta":{"footnotes":""},"class_list":["post-397","page","type-page","status-publish","has-post-thumbnail","hentry"],"_links":{"self":[{"href":"https:\/\/www.jorgeramirezfotografo.com\/index.php\/wp-json\/wp\/v2\/pages\/397","targetHints":{"allow":["GET"]}}],"collection":[{"href":"https:\/\/www.jorgeramirezfotografo.com\/index.php\/wp-json\/wp\/v2\/pages"}],"about":[{"href":"https:\/\/www.jorgeramirezfotografo.com\/index.php\/wp-json\/wp\/v2\/types\/page"}],"author":[{"embeddable":true,"href":"https:\/\/www.jorgeramirezfotografo.com\/index.php\/wp-json\/wp\/v2\/users\/2"}],"replies":[{"embeddable":true,"href":"https:\/\/www.jorgeramirezfotografo.com\/index.php\/wp-json\/wp\/v2\/comments?post=397"}],"version-history":[{"count":11,"href":"https:\/\/www.jorgeramirezfotografo.com\/index.php\/wp-json\/wp\/v2\/pages\/397\/revisions"}],"predecessor-version":[{"id":1424,"href":"https:\/\/www.jorgeramirezfotografo.com\/index.php\/wp-json\/wp\/v2\/pages\/397\/revisions\/1424"}],"wp:featuredmedia":[{"embeddable":true,"href":"https:\/\/www.jorgeramirezfotografo.com\/index.php\/wp-json\/wp\/v2\/media\/518"}],"wp:attachment":[{"href":"https:\/\/www.jorgeramirezfotografo.com\/index.php\/wp-json\/wp\/v2\/media?parent=397"}],"curies":[{"name":"wp","href":"https:\/\/api.w.org\/{rel}","templated":true}]}}