{"id":38,"date":"2019-02-24T00:15:36","date_gmt":"2019-02-24T00:15:36","guid":{"rendered":"http:\/\/jorgeramirezfotografo.com\/?page_id=38"},"modified":"2022-07-08T23:51:09","modified_gmt":"2022-07-08T23:51:09","slug":"slider1","status":"publish","type":"page","link":"https:\/\/www.jorgeramirezfotografo.com\/","title":{"rendered":"Servicios de Fotograf\u00eda y Video para Bodas y XVs"},"content":{"rendered":"<h2>Pasi\u00f3n por capturar tus momentos m\u00e1gicos<\/h2>\n<h2>+2000 eventos capturados<br \/>18 a\u00f1os creando recuerdos incre\u00edbles<\/h2>\n<p>\t\t[vc_row][vc_column][vc_column_text][rev_slider alias=\u00bbjrfprincipal1&#8243;][\/vc_column_text][\/vc_column][\/vc_row][vc_row][vc_column width=\u00bb1\/3&#8243;][vc_hoverbox image=\u00bb143&#8243; primary_title=\u00bb- Bodas -\u00bb primary_title_font_container=\u00bbcolor:%23606060&#8243; primary_title_use_theme_fonts=\u00bbyes\u00bb primary_title_css_animation=\u00bbfadeInUp\u00bb hover_title=\u00bbBodas\u00bb shape=\u00bbsquare\u00bb hover_background_color=\u00bbwhite\u00bb css_animation=\u00bbslideInDown\u00bb use_custom_fonts_primary_title=\u00bbtrue\u00bb primary_title_el_id=\u00bbt1&#8243; primary_title_el_class=\u00bbtitulo\u00bb]Para que las emociones m\u00e1s hermosas de su boda queden detenidas para siempre pueden contar con el servicio de un experto.[\/vc_hoverbox][\/vc_column][vc_column width=\u00bb1\/3&#8243;][vc_hoverbox image=\u00bb119&#8243; primary_title=\u00bb- Quincea\u00f1eras -\u00bb primary_title_font_container=\u00bbcolor:%23606060&#8243; primary_title_use_theme_fonts=\u00bbyes\u00bb primary_title_css_animation=\u00bbfadeInUp\u00bb hover_title=\u00bbQuincea\u00f1eras\u00bb shape=\u00bbsquare\u00bb hover_background_color=\u00bbwhite\u00bb css_animation=\u00bbslideInDown\u00bb use_custom_fonts_primary_title=\u00bbtrue\u00bb primary_title_el_class=\u00bbtitulo\u00bb]Tenemos los mejores escenarios de&nbsp;<em>fotograf\u00eda<\/em>&nbsp;para que tus recuerdos de&nbsp;<em>Quincea\u00f1era<\/em>&nbsp;sean especiales y est\u00e9n lejos de lo ordinario[\/vc_hoverbox][\/vc_column][vc_column width=\u00bb1\/3&#8243;][vc_hoverbox image=\u00bb145&#8243; primary_title=\u00bb- E. Session -\u00bb primary_title_font_container=\u00bbcolor:%23606060&#8243; primary_title_use_theme_fonts=\u00bbyes\u00bb primary_title_css_animation=\u00bbfadeInUp\u00bb hover_title=\u00bbE. Session\u00bb shape=\u00bbsquare\u00bb hover_background_color=\u00bbwhite\u00bb css_animation=\u00bbslideInDown\u00bb use_custom_fonts_primary_title=\u00bbtrue\u00bb primary_title_el_class=\u00bbtitulo\u00bb]Una de las sesiones m\u00e1s importantes, es la&nbsp;<em>E<\/em>&#8211;<em>Session<\/em>&nbsp;o&nbsp;<em>Engagement Session<\/em>, as\u00ed se le llama com\u00fanmente en ingl\u00e9s a la sesi\u00f3n casual o informal[\/vc_hoverbox][\/vc_column][\/vc_row]https:\/\/www.youtube.com\/watch?v=Gk-aWqbVhwY<\/p>\n","protected":false},"excerpt":{"rendered":"<p>Pasi\u00f3n por capturar tus momentos m\u00e1gicos +2000 eventos capturados18 a\u00f1os creando recuerdos incre\u00edbles [vc_row][vc_column][vc_column_text][rev_slider alias=\u00bbjrfprincipal1&#8243;][\/vc_column_text][\/vc_column][\/vc_row][vc_row][vc_column width=\u00bb1\/3&#8243;][vc_hoverbox image=\u00bb143&#8243; primary_title=\u00bb- Bodas -\u00bb primary_title_font_container=\u00bbcolor:%23606060&#8243; primary_title_use_theme_fonts=\u00bbyes\u00bb primary_title_css_animation=\u00bbfadeInUp\u00bb hover_title=\u00bbBodas\u00bb shape=\u00bbsquare\u00bb hover_background_color=\u00bbwhite\u00bb css_animation=\u00bbslideInDown\u00bb use_custom_fonts_primary_title=\u00bbtrue\u00bb primary_title_el_id=\u00bbt1&#8243; primary_title_el_class=\u00bbtitulo\u00bb]Para que las emociones m\u00e1s hermosas de su boda queden detenidas para siempre pueden contar con el servicio de un experto.[\/vc_hoverbox][\/vc_column][vc_column width=\u00bb1\/3&#8243;][vc_hoverbox image=\u00bb119&#8243; primary_title=\u00bb- Quincea\u00f1eras -\u00bb [&hellip;]<\/p>\n","protected":false},"author":2,"featured_media":1519,"parent":0,"menu_order":0,"comment_status":"closed","ping_status":"closed","template":"","meta":{"footnotes":""},"class_list":["post-38","page","type-page","status-publish","has-post-thumbnail","hentry"],"_links":{"self":[{"href":"https:\/\/www.jorgeramirezfotografo.com\/index.php\/wp-json\/wp\/v2\/pages\/38","targetHints":{"allow":["GET"]}}],"collection":[{"href":"https:\/\/www.jorgeramirezfotografo.com\/index.php\/wp-json\/wp\/v2\/pages"}],"about":[{"href":"https:\/\/www.jorgeramirezfotografo.com\/index.php\/wp-json\/wp\/v2\/types\/page"}],"author":[{"embeddable":true,"href":"https:\/\/www.jorgeramirezfotografo.com\/index.php\/wp-json\/wp\/v2\/users\/2"}],"replies":[{"embeddable":true,"href":"https:\/\/www.jorgeramirezfotografo.com\/index.php\/wp-json\/wp\/v2\/comments?post=38"}],"version-history":[{"count":53,"href":"https:\/\/www.jorgeramirezfotografo.com\/index.php\/wp-json\/wp\/v2\/pages\/38\/revisions"}],"predecessor-version":[{"id":1531,"href":"https:\/\/www.jorgeramirezfotografo.com\/index.php\/wp-json\/wp\/v2\/pages\/38\/revisions\/1531"}],"wp:featuredmedia":[{"embeddable":true,"href":"https:\/\/www.jorgeramirezfotografo.com\/index.php\/wp-json\/wp\/v2\/media\/1519"}],"wp:attachment":[{"href":"https:\/\/www.jorgeramirezfotografo.com\/index.php\/wp-json\/wp\/v2\/media?parent=38"}],"curies":[{"name":"wp","href":"https:\/\/api.w.org\/{rel}","templated":true}]}}